{"id":623,"date":"2021-10-20T06:59:51","date_gmt":"2021-10-20T04:59:51","guid":{"rendered":"http:\/\/neu.ostseegrenzturm.net\/da\/?page_id=623"},"modified":"2024-07-08T08:46:54","modified_gmt":"2024-07-08T06:46:54","slug":"kontakt","status":"publish","type":"page","link":"http:\/\/ostsee-grenzturm.com\/da\/kontakt\/","title":{"rendered":"Kontakt"},"content":{"rendered":"\n<div class=\"margintop100\"><\/div>\n\n\n\n<h1>Kontakt<\/h1>\n\n\n\n<p>Grenzturm e.V.,<br>Ostseeallee 1 a<br>18225 K\u00fchlungsborn<br><br>Mobil: +49 173 8732778<br>E-Mail:&nbsp;<a href=\"mailto:bt11@ostsee-grenzturm.com?subject=Kontakt%2520Webseite\">bt11@ostsee-grenzturm.com<\/a><\/p>\n\n\n\n<p>Formand: <br>Lutz Tamm \u00a0<a href=\"mailto:bt11@ostsee-grenzturm.com?subject=Kontakt%2520Webseite\">bt11@ostsee-grenzturm.com<\/a><br>N\u00e6stformand: 2. formand for foreningen: <br>Daniela Grant<\/p>\n\n\n\n<p>Tak til alle sponsorer, frivillige medarbejdere og personer som har deltaget og deltager, s\u00e5 at projektet \u00d8sters\u00f8-Gr\u00e6nset\u00e5rn lykkes.<\/p>\n\n\n\n<p><strong>Bes\u00f8g i t\u00e5rnet og p\u00e5 museet:<\/strong><\/p>\n\n\n\n<p>Bes\u00f8g i t\u00e5rnet og p\u00e5 museet:<br>\u00c5bningstider<strong>:<\/strong><\/p>\n\n\n\n<p>Juni-september: tirsdag, onsdag og fredag fra kl. 14 til17.<br>Oktober til maj: tirsdag og fredag fra kl. 14 til17<\/p>\n\n\n\n<p>og med kort varsel under<br>m +49 173 8732778<\/p>\n","protected":false},"excerpt":{"rendered":"<p>Kontakt Grenzturm e.V.,Ostseeallee 1 a18225 K\u00fchlungsborn Mobil: +49 173 8732778E-Mail:&nbsp;bt11@ostsee-grenzturm.com Formand: Lutz Tamm \u00a0bt11@ostsee-grenzturm.comN\u00e6stformand: 2. formand for foreningen: Daniela Grant Tak til alle sponsorer, frivillige medarbejdere og personer som har deltaget og deltager, s\u00e5 at projektet \u00d8sters\u00f8-Gr\u00e6nset\u00e5rn lykkes. Bes\u00f8g i t\u00e5rnet og p\u00e5 museet: Bes\u00f8g i t\u00e5rnet og p\u00e5 museet:\u00c5bningstider: Juni-september: tirsdag, onsdag og fredag&#8230;  <a class=\"excerpt-read-more\" href=\"http:\/\/ostsee-grenzturm.com\/da\/kontakt\/\" title=\"Read Kontakt\">L\u00e6s mere &raquo;<\/a><\/p>\n","protected":false},"author":1,"featured_media":0,"parent":0,"menu_order":0,"comment_status":"closed","ping_status":"closed","template":"","meta":[],"_links":{"self":[{"href":"http:\/\/ostsee-grenzturm.com\/da\/wp-json\/wp\/v2\/pages\/623"}],"collection":[{"href":"http:\/\/ostsee-grenzturm.com\/da\/wp-json\/wp\/v2\/pages"}],"about":[{"href":"http:\/\/ostsee-grenzturm.com\/da\/wp-json\/wp\/v2\/types\/page"}],"author":[{"embeddable":true,"href":"http:\/\/ostsee-grenzturm.com\/da\/wp-json\/wp\/v2\/users\/1"}],"replies":[{"embeddable":true,"href":"http:\/\/ostsee-grenzturm.com\/da\/wp-json\/wp\/v2\/comments?post=623"}],"version-history":[{"count":10,"href":"http:\/\/ostsee-grenzturm.com\/da\/wp-json\/wp\/v2\/pages\/623\/revisions"}],"predecessor-version":[{"id":1158,"href":"http:\/\/ostsee-grenzturm.com\/da\/wp-json\/wp\/v2\/pages\/623\/revisions\/1158"}],"wp:attachment":[{"href":"http:\/\/ostsee-grenzturm.com\/da\/wp-json\/wp\/v2\/media?parent=623"}],"curies":[{"name":"wp","href":"https:\/\/api.w.org\/{rel}","templated":true}]}}