{"id":617,"date":"2021-10-20T06:59:05","date_gmt":"2021-10-20T04:59:05","guid":{"rendered":"http:\/\/neu.ostseegrenzturm.net\/da\/?page_id=617"},"modified":"2023-07-19T10:35:06","modified_gmt":"2023-07-19T08:35:06","slug":"sponsorer","status":"publish","type":"page","link":"http:\/\/ostsee-grenzturm.com\/da\/sponsorer\/","title":{"rendered":"Sponsorer"},"content":{"rendered":"\n<div class=\"margintop100\"><\/div>\n\n\n\n<h1>F\u00f6rderer<\/h1>\n\n\n\n<p>Vi takker alle samarbejdspartnere hjertelig og alle dem som hidtil har st\u00f8ttet vores museum med mange gaver, ydelser og \u00f8konomiske bidrag.Disse partnere yder et livsvigtigt bidrag til opfyldelse af museets opgaver.<\/p>\n\n\n\n<p>Bliv derfor ogs\u00e5 du en sponsor!<\/p>\n\n\n\n<p>Vi s\u00f8ger permanent dokumenter, fotos, filmoptagelser, originaldele og informationer, som st\u00e5r i sammenh\u00e6ng med det historiske indhold i vores indretning. Ogs\u00e5 \u00f8konomisk st\u00f8tte er hjertelig velkommen.<br>(Deres financielle st\u00f8tte kan g\u00f8res g\u00e6ldende overfor skattev\u00e6senet. Som almennyttig organisation udsteder vi gerne de n\u00f8dvendige attester.)<\/p>\n\n\n\n<p>P\u00e5 denne side side ses de personer eller firmaer som p\u00e5 en eller anden m\u00e5de har underst\u00f8ttet eller sponsoreret os.<\/p>\n\n\n\n<p>Politische Memoriale Mecklenburg-Vorpommern[nbsp]<a rel=\"noreferrer noopener\" href=\"http:\/\/www.polmem-mv.de\/\" target=\"_blank\">www.polmem-mv.de<\/a>[nbsp]<br>Landesbeauftragten f\u00fcr die Unterlagen des MFS der ehemaligen DDR. <a rel=\"noreferrer noopener\" href=\"http:\/\/www.landesbeauftragter.de\/\" target=\"_blank\">http:\/\/www.landesbeauftragter.de\/<\/a><\/p>\n\n\n\n<p>TFK GmbH &nbsp; &nbsp; &nbsp; &nbsp; &nbsp; &nbsp; &nbsp; &nbsp; <a href=\"https:\/\/www.kuehlungsborn.de\/\">https:\/\/www.kuehlungsborn.de\/<\/a><br>Hotel Jasmin&nbsp; &nbsp; &nbsp; &nbsp; &nbsp; &nbsp; &nbsp; <a href=\"https:\/\/hotel-jasmin.de\/\">https:\/\/hotel-jasmin.de\/<\/a><br>Pension Christine&nbsp; &nbsp; &nbsp; <a href=\"https:\/\/www.pensionchristine.de\/\">https:\/\/www.pensionchristine.de\/<\/a><br>Travel Charm Hotel&nbsp; &nbsp;<a href=\"https:\/\/www.travelcharme.com\/\"> https:\/\/www.travelcharme.com\/<\/a><br>Strandresidenz&nbsp; &nbsp; &nbsp; &nbsp; &nbsp; &nbsp; <a href=\"https:\/\/www.strandresidenz.info\/\">https:\/\/www.strandresidenz.info<\/a><br>Hotelempfehlungen f\u00fcr K\u00fchlungsborn&nbsp;<a href=\"http:\/\/www.expedia.de\/kuhlungsborn-hotel.d603186.reise-angebote-hotels\">www.expedia.de<\/a>&nbsp;<\/p>\n\n\n\n<p>Agentur f\u00fcr Grafikdesign Rostock&nbsp;<a href=\"http:\/\/www.grafikagenten.de\/\">www.grafikagenten.de<\/a><br>Optik \u2013 Service Schilling&nbsp;<a href=\"http:\/\/www.optikservice-schilling.de\/\">www.optikservice-schilling.de<\/a><br>Ollhoff Garten u. Landschaftsbau&nbsp;<a href=\"http:\/\/www.ollhoff.de\/\">www.ollhoff.de&nbsp;<\/a><\/p>\n\n\n\n<p><strong>En s\u00e6rlig tak til Kommunen Ostseebad K\u00fchlungsborn for bygning af museet pavillion til vore exponater.<\/strong><\/p>\n\n\n\n<h2>Yderligere links<\/h2>\n\n\n\n<p>Udflugt m\u00e5l i MV <a rel=\"noreferrer noopener\" href=\"http:\/\/www.mecklenburg-vorpommern-gastgeber.com\/\" target=\"_blank\">www.mecklenburg-vorpommern-gastgeber.com<br><\/a>Strandresidenz -K\u00fchlungsborn&nbsp;<a rel=\"noreferrer noopener\" href=\"http:\/\/www.strandresidenz.info%20\" target=\"_blank\">www.strandresidenz.info<br><\/a>Kriesen feriehusudlejning <a rel=\"noreferrer noopener\" href=\"http:\/\/www.kriesen24.de\/\" target=\"_blank\">www.kriesen24.de<\/a><\/p>\n\n\n\n<p>F\u00f8lgende rejseleder eller g\u00e6stef\u00f8rer anbefales:<br>Dr. J\u00fcrgen Jahncke <a href=\"maito:juergen.jahncke@t-online.de\">juergen.jahncke@t-online.de<\/a><\/p>\n\n\n\n<h2>Spendenkonto<\/h2>\n\n\n\n<p>Wir freuen uns \u00fcber jede Spende.<\/p>\n\n\n\n<p>V.u.R Bank G\u00fcstrow<br>DE03 1406 1308 0004 6496 13<br>GENO DEF1 GUE<\/p>\n","protected":false},"excerpt":{"rendered":"<p>F\u00f6rderer Vi takker alle samarbejdspartnere hjertelig og alle dem som hidtil har st\u00f8ttet vores museum med mange gaver, ydelser og \u00f8konomiske bidrag.Disse partnere yder et livsvigtigt bidrag til opfyldelse af museets opgaver. Bliv derfor ogs\u00e5 du en sponsor! Vi s\u00f8ger permanent dokumenter, fotos, filmoptagelser, originaldele og informationer, som st\u00e5r i sammenh\u00e6ng med det historiske indhold&#8230;  <a class=\"excerpt-read-more\" href=\"http:\/\/ostsee-grenzturm.com\/da\/sponsorer\/\" title=\"Read Sponsorer\">L\u00e6s mere &raquo;<\/a><\/p>\n","protected":false},"author":1,"featured_media":0,"parent":0,"menu_order":0,"comment_status":"closed","ping_status":"closed","template":"","meta":[],"_links":{"self":[{"href":"http:\/\/ostsee-grenzturm.com\/da\/wp-json\/wp\/v2\/pages\/617"}],"collection":[{"href":"http:\/\/ostsee-grenzturm.com\/da\/wp-json\/wp\/v2\/pages"}],"about":[{"href":"http:\/\/ostsee-grenzturm.com\/da\/wp-json\/wp\/v2\/types\/page"}],"author":[{"embeddable":true,"href":"http:\/\/ostsee-grenzturm.com\/da\/wp-json\/wp\/v2\/users\/1"}],"replies":[{"embeddable":true,"href":"http:\/\/ostsee-grenzturm.com\/da\/wp-json\/wp\/v2\/comments?post=617"}],"version-history":[{"count":8,"href":"http:\/\/ostsee-grenzturm.com\/da\/wp-json\/wp\/v2\/pages\/617\/revisions"}],"predecessor-version":[{"id":1136,"href":"http:\/\/ostsee-grenzturm.com\/da\/wp-json\/wp\/v2\/pages\/617\/revisions\/1136"}],"wp:attachment":[{"href":"http:\/\/ostsee-grenzturm.com\/da\/wp-json\/wp\/v2\/media?parent=617"}],"curies":[{"name":"wp","href":"https:\/\/api.w.org\/{rel}","templated":true}]}}