{"id":614,"date":"2021-10-20T06:58:50","date_gmt":"2021-10-20T04:58:50","guid":{"rendered":"http:\/\/neu.ostseegrenzturm.net\/da\/?page_id=614"},"modified":"2024-07-10T21:34:37","modified_gmt":"2024-07-10T19:34:37","slug":"foreningen","status":"publish","type":"page","link":"http:\/\/ostsee-grenzturm.com\/da\/foreningen\/","title":{"rendered":"Foreningen"},"content":{"rendered":"\n<div class=\"margintop100\"><\/div>\n\n\n\n<h2>Foreningen \u201eGenzturm\u201c<\/h2>\n\n\n\n<div class=\"is-layout-flex wp-container-3 wp-block-columns\">\n<div class=\"is-layout-flow wp-block-column\">\n<p>Foreningen blev grundlagt i 2002 med form\u00e5let at bevare DDR \u00d8sters\u00f8-gr\u00e6nset\u00e5rnet BT 11 som historisk mindesm\u00e6rke. Ved t\u00e5rnet skal historien demonstreres, s\u00e5 den formidler en aktuel oplevelse. Der informeres om menneskelige sk\u00e6bner, bagrund og livet i gr\u00e6nseomr\u00e5det..<\/p>\n\n\n\n<p>Med foreningens arkiv er der opst\u00e5et en omfangsrig samling omkring emnet. Kommunen K\u00fchlungsborn har med oprettelsen af museet underst\u00f8ttet foreningens arbejde p\u00e5 fremragende m\u00e5de.<\/p>\n\n\n\n<p>Grenzturm e.V.,\u00a0<br>Grenzturm e.V.,\u00a0Verein zur Erhaltung von\u00a0Denkm\u00e4lern der Geschichte<br>Vereinsvorsitzender: Lutz Tamm<\/p>\n\n\n\n<p>2. Vereinsvorsitzende:  <br>Daniela Grant<br>u. Harry Balbach<\/p>\n<\/div>\n\n\n\n<div class=\"is-layout-flow wp-block-column\">\n<figure class=\"wp-block-image size-full\"><img decoding=\"async\" loading=\"lazy\" width=\"1000\" height=\"750\" src=\"http:\/\/neu.ostseegrenzturm.net\/da\/wp-content\/uploads\/sites\/4\/2021\/10\/vereinfb2.jpg\" alt=\"\" class=\"wp-image-635\" srcset=\"http:\/\/ostsee-grenzturm.com\/da\/wp-content\/uploads\/sites\/4\/2021\/10\/vereinfb2.jpg 1000w, http:\/\/ostsee-grenzturm.com\/da\/wp-content\/uploads\/sites\/4\/2021\/10\/vereinfb2-300x225.jpg 300w, http:\/\/ostsee-grenzturm.com\/da\/wp-content\/uploads\/sites\/4\/2021\/10\/vereinfb2-768x576.jpg 768w\" sizes=\"(max-width: 1000px) 100vw, 1000px\" \/><\/figure>\n<\/div>\n<\/div>\n","protected":false},"excerpt":{"rendered":"<p>Foreningen \u201eGenzturm\u201c Foreningen blev grundlagt i 2002 med form\u00e5let at bevare DDR \u00d8sters\u00f8-gr\u00e6nset\u00e5rnet BT 11 som historisk mindesm\u00e6rke. Ved t\u00e5rnet skal historien demonstreres, s\u00e5 den formidler en aktuel oplevelse. Der informeres om menneskelige sk\u00e6bner, bagrund og livet i gr\u00e6nseomr\u00e5det.. Med foreningens arkiv er der opst\u00e5et en omfangsrig samling omkring emnet. Kommunen K\u00fchlungsborn har med oprettelsen&#8230;  <a class=\"excerpt-read-more\" href=\"http:\/\/ostsee-grenzturm.com\/da\/foreningen\/\" title=\"Read Foreningen\">L\u00e6s mere &raquo;<\/a><\/p>\n","protected":false},"author":1,"featured_media":0,"parent":0,"menu_order":0,"comment_status":"closed","ping_status":"closed","template":"","meta":[],"_links":{"self":[{"href":"http:\/\/ostsee-grenzturm.com\/da\/wp-json\/wp\/v2\/pages\/614"}],"collection":[{"href":"http:\/\/ostsee-grenzturm.com\/da\/wp-json\/wp\/v2\/pages"}],"about":[{"href":"http:\/\/ostsee-grenzturm.com\/da\/wp-json\/wp\/v2\/types\/page"}],"author":[{"embeddable":true,"href":"http:\/\/ostsee-grenzturm.com\/da\/wp-json\/wp\/v2\/users\/1"}],"replies":[{"embeddable":true,"href":"http:\/\/ostsee-grenzturm.com\/da\/wp-json\/wp\/v2\/comments?post=614"}],"version-history":[{"count":10,"href":"http:\/\/ostsee-grenzturm.com\/da\/wp-json\/wp\/v2\/pages\/614\/revisions"}],"predecessor-version":[{"id":1163,"href":"http:\/\/ostsee-grenzturm.com\/da\/wp-json\/wp\/v2\/pages\/614\/revisions\/1163"}],"wp:attachment":[{"href":"http:\/\/ostsee-grenzturm.com\/da\/wp-json\/wp\/v2\/media?parent=614"}],"curies":[{"name":"wp","href":"https:\/\/api.w.org\/{rel}","templated":true}]}}