{"id":611,"date":"2021-10-20T06:58:32","date_gmt":"2021-10-20T04:58:32","guid":{"rendered":"http:\/\/neu.ostseegrenzturm.net\/da\/?page_id=611"},"modified":"2024-07-10T21:02:47","modified_gmt":"2024-07-10T19:02:47","slug":"besoeg","status":"publish","type":"page","link":"http:\/\/ostsee-grenzturm.com\/da\/besoeg\/","title":{"rendered":"Bes\u00f8g"},"content":{"rendered":"\n<div class=\"margintop100\"><\/div>\n\n\n\n<div class=\"is-layout-flex wp-container-3 wp-block-columns\">\n<div class=\"is-layout-flow wp-block-column\">\n<h2>BES\u00d8G OG KONTAKT<\/h2>\n\n\n\n<p>i gl\u00e6der os over deres bes\u00f8g og er gerne behj\u00e6lpelig ved forberedelsen hertil. Kontakt os gerne, hvis de \u00f8nsker at komme udenfor \u00e5bningstiderne eller hvis de har sp\u00f8rgsm\u00e5l.<\/p>\n\n\n\n<p>Vi gl\u00e6der os altid over at blive kontaktet af tidsvidner, tidligere flygtninge, gr\u00e6nsesoldater eller personer som kender t\u00e5rnet fra tidligere. De er altid velkommen til at kontakte os.<\/p>\n<\/div>\n\n\n\n<div class=\"is-layout-flow wp-block-column\">\n<h2>GR\u00c6NSET\u00c5RN OG MUSEUM<\/h2>\n\n\n\n<p>en ydre udstilling er \u00e5bnet hele d\u00f8gnet og giver med sine informationstavler et godt overblik over emnet.<\/p>\n\n\n\n<p>Besigtigelsen af t\u00e5rnet sker via forskudt anbragte stiger og en smule sportslig bev\u00e6geleighed er herved p\u00e5kr\u00e6vet.<\/p>\n\n\n\n<p>Museet viser de originale flugtb\u00e5de og formidler baggrundsviden p\u00e5 moderne m\u00e5de. T\u00e5rnet og museet har f\u00e6lles \u00e5bningstider.&nbsp;<\/p>\n\n\n\n<p>Adgangspris: 2 \u20ac per person<\/p>\n\n\n\n<figure class=\"wp-block-image size-full\"><img decoding=\"async\" loading=\"lazy\" width=\"1000\" height=\"750\" src=\"http:\/\/neu.ostseegrenzturm.net\/da\/wp-content\/uploads\/sites\/4\/2021\/10\/teaser_kinder.jpg\" alt=\"\" class=\"wp-image-464\" srcset=\"http:\/\/ostsee-grenzturm.com\/da\/wp-content\/uploads\/sites\/4\/2021\/10\/teaser_kinder.jpg 1000w, http:\/\/ostsee-grenzturm.com\/da\/wp-content\/uploads\/sites\/4\/2021\/10\/teaser_kinder-300x225.jpg 300w, http:\/\/ostsee-grenzturm.com\/da\/wp-content\/uploads\/sites\/4\/2021\/10\/teaser_kinder-768x576.jpg 768w\" sizes=\"(max-width: 1000px) 100vw, 1000px\" \/><\/figure>\n<\/div>\n<\/div>\n\n\n\n<div class=\"is-layout-flex wp-container-6 wp-block-columns\">\n<div class=\"is-layout-flow wp-block-column\">\n<h2>BES\u00d8G\/ KONTAKT<\/h2>\n\n\n\n<p>\u00c5bningstider:<br>Juni -september<br>Tirsdag, Onsdag og Fredag kl. 14\u00b0\u00b0 &#8211; 17\u00b0\u00b0<\/p>\n\n\n\n<p>Oktober \u2013 mai<br>Tirsdag og Fredag 14\u00b0\u00b0 &#8211; 17\u00b0\u00b0&nbsp;<\/p>\n\n\n\n<p>Bes\u00f8g med guided rundvisning efter aftale er mulig.<\/p>\n\n\n\n<p><\/p>\n<\/div>\n\n\n\n<div class=\"is-layout-flow wp-block-column\">\n<h2>LKORT OG VEJBESKRIVELSE<\/h2>\n\n\n\n<p><strong>I K\u00fchlungsborn<br><\/strong>F\u00f8lg strandpromenaden. Museet ligger mellem Molli Legeplads og Hotel Travel Charme, ikke langt fra Seebr\u00fccke.<\/p>\n\n\n\n<p><strong>Rejse til K\u00fchlungsborn<br><\/strong>Jernbane fra Rostock eller Bad Doberan (B\u00e4derbahn Molli) til Bahnhof Ost, hvor man skal st\u00e5 af.<br>Bus: Fra Rostock\/ Bad Doberan k\u00f8rer busser hver time. St\u00e5 af ved Bahnhof Ost.<br>Personbil: Motorvej A 20. Benyt nedk\u00f8rsel Kr\u00f6plin.<br>Motorvej fra Berlin, tag nedk\u00f8rsel Rostock.<br>B 105 fra Rostock eller Wismar<\/p>\n\n\n\n<h2>RUNDVISNINGER<\/h2>\n\n\n\n<p>Hvis der \u00f8nskes rundvisning kontakt os venligst pr. e-mail.<\/p>\n\n\n\n<p>Vi tilbyder rundvisninger for skoleklasser men ogs\u00e5 for voksne firmaer eller seniorgrupper.&nbsp;Der best\u00e5r mulighed for at vise film i museet.<\/p>\n\n\n\n<p><\/p>\n<\/div>\n<\/div>\n","protected":false},"excerpt":{"rendered":"<p>BES\u00d8G OG KONTAKT i gl\u00e6der os over deres bes\u00f8g og er gerne behj\u00e6lpelig ved forberedelsen hertil. Kontakt os gerne, hvis de \u00f8nsker at komme udenfor \u00e5bningstiderne eller hvis de har sp\u00f8rgsm\u00e5l. Vi gl\u00e6der os altid over at blive kontaktet af tidsvidner, tidligere flygtninge, gr\u00e6nsesoldater eller personer som kender t\u00e5rnet fra tidligere. De er altid velkommen&#8230;  <a class=\"excerpt-read-more\" href=\"http:\/\/ostsee-grenzturm.com\/da\/besoeg\/\" title=\"Read Bes\u00f8g\">L\u00e6s mere &raquo;<\/a><\/p>\n","protected":false},"author":1,"featured_media":0,"parent":0,"menu_order":0,"comment_status":"closed","ping_status":"closed","template":"","meta":[],"_links":{"self":[{"href":"http:\/\/ostsee-grenzturm.com\/da\/wp-json\/wp\/v2\/pages\/611"}],"collection":[{"href":"http:\/\/ostsee-grenzturm.com\/da\/wp-json\/wp\/v2\/pages"}],"about":[{"href":"http:\/\/ostsee-grenzturm.com\/da\/wp-json\/wp\/v2\/types\/page"}],"author":[{"embeddable":true,"href":"http:\/\/ostsee-grenzturm.com\/da\/wp-json\/wp\/v2\/users\/1"}],"replies":[{"embeddable":true,"href":"http:\/\/ostsee-grenzturm.com\/da\/wp-json\/wp\/v2\/comments?post=611"}],"version-history":[{"count":10,"href":"http:\/\/ostsee-grenzturm.com\/da\/wp-json\/wp\/v2\/pages\/611\/revisions"}],"predecessor-version":[{"id":1159,"href":"http:\/\/ostsee-grenzturm.com\/da\/wp-json\/wp\/v2\/pages\/611\/revisions\/1159"}],"wp:attachment":[{"href":"http:\/\/ostsee-grenzturm.com\/da\/wp-json\/wp\/v2\/media?parent=611"}],"curies":[{"name":"wp","href":"https:\/\/api.w.org\/{rel}","templated":true}]}}