{"id":602,"date":"2021-10-20T06:56:17","date_gmt":"2021-10-20T04:56:17","guid":{"rendered":"http:\/\/neu.ostseegrenzturm.net\/da\/?page_id=602"},"modified":"2022-04-03T15:09:49","modified_gmt":"2022-04-03T13:09:49","slug":"civil-overvaagning","status":"publish","type":"page","link":"http:\/\/ostsee-grenzturm.com\/da\/grenzhistorie\/civil-overvaagning\/","title":{"rendered":"Civil overv\u00e5gning"},"content":{"rendered":"\n<div class=\"margintop100\"><\/div>\n\n\n\n<div class=\"is-layout-flex wp-container-3 wp-block-columns\">\n<div class=\"is-layout-flow wp-block-column\">\n<h3>Civil overv\u00e5gning<\/h3>\n<\/div>\n\n\n\n<div class=\"is-layout-flow wp-block-column\"><\/div>\n<\/div>\n\n\n\n<div class=\"is-layout-flex wp-container-6 wp-block-columns\">\n<div class=\"is-layout-flow wp-block-column\" style=\"flex-basis:33.33%\">\n<figure class=\"wp-block-image size-full\"><img decoding=\"async\" loading=\"lazy\" width=\"1000\" height=\"750\" src=\"http:\/\/neu.ostseegrenzturm.net\/da\/wp-content\/uploads\/sites\/4\/2021\/10\/bild1zivileueberwa.8.1988.jpg\" alt=\"\" class=\"wp-image-277\" srcset=\"http:\/\/ostsee-grenzturm.com\/da\/wp-content\/uploads\/sites\/4\/2021\/10\/bild1zivileueberwa.8.1988.jpg 1000w, http:\/\/ostsee-grenzturm.com\/da\/wp-content\/uploads\/sites\/4\/2021\/10\/bild1zivileueberwa.8.1988-300x225.jpg 300w, http:\/\/ostsee-grenzturm.com\/da\/wp-content\/uploads\/sites\/4\/2021\/10\/bild1zivileueberwa.8.1988-768x576.jpg 768w\" sizes=\"(max-width: 1000px) 100vw, 1000px\" \/><\/figure>\n<\/div>\n\n\n\n<div class=\"is-layout-flow wp-block-column\" style=\"flex-basis:66.66%\">\n<p>De fleste flugtfors\u00f8g blev allerede stoppet p\u00e5 stranden, inde i landet, p\u00e5 baneg\u00e5rde og veje i n\u00e6rheden af kysten. Rejsende som havde b\u00e5de og dykkerudrustning med sig blev meldt og arresteret. Denne form for overv\u00e5gning var kun mulig med civile kr\u00e6fter, blandt andet statssikkerhed, kommunalforvaltning, politi og gr\u00e6nsemedhj\u00e6lpere. Ferieg\u00e6ster og K\u00fchlungsborns beboere var under permanent observation, uden at v\u00e6re klar over det. Reglerne og lovgivningen var formet s\u00e5dan, at flugtmulighederne allerede i starten var st\u00e6rk begr\u00e6nset.<\/p>\n<\/div>\n<\/div>\n\n\n\n<div class=\"is-layout-flex wp-container-9 wp-block-columns\">\n<div class=\"is-layout-flow wp-block-column\">\n<figure class=\"wp-block-image size-full\"><img decoding=\"async\" loading=\"lazy\" width=\"1000\" height=\"750\" src=\"http:\/\/neu.ostseegrenzturm.net\/da\/wp-content\/uploads\/sites\/4\/2021\/10\/bild2grenzordnung.jpg\" alt=\"\" class=\"wp-image-278\" srcset=\"http:\/\/ostsee-grenzturm.com\/da\/wp-content\/uploads\/sites\/4\/2021\/10\/bild2grenzordnung.jpg 1000w, http:\/\/ostsee-grenzturm.com\/da\/wp-content\/uploads\/sites\/4\/2021\/10\/bild2grenzordnung-300x225.jpg 300w, http:\/\/ostsee-grenzturm.com\/da\/wp-content\/uploads\/sites\/4\/2021\/10\/bild2grenzordnung-768x576.jpg 768w\" sizes=\"(max-width: 1000px) 100vw, 1000px\" \/><\/figure>\n<\/div>\n\n\n\n<div class=\"is-layout-flow wp-block-column\">\n<h3>Gr\u00e6nseregulativet<\/h3>\n\n\n\n<p>Millioner af turister som i ferien kom til \u00d8sters\u00f8en blev tvunget til at f\u00f8lge s\u00e6rlige forpligtelser. Gr\u00e6nseregulativet af&#8230;&#8230;.omfatter badelivet, overnatning, anmeldelse af benyttelse af alle former for vandfart\u00f8jer. Ordningen var bindende og handlinger i strid hermed blev straffetr med f\u00e6ngsel. Benyttelse af b\u00e5de, dykkerdragter og overnatning p\u00e5 stranden var forbudt.<\/p>\n<\/div>\n<\/div>\n\n\n\n<div class=\"is-layout-flex wp-container-12 wp-block-columns\">\n<div class=\"is-layout-flow wp-block-column\">\n<h3>K\u00fchlungsborn og arbejdsgruppe Gr\u00e6nse\u00a0<\/h3>\n\n\n\n<p>Fra og med 1961 bliver det civile gr\u00e6nsesikringssystem strammet. Under ledelsen af gr\u00e6nsebrigaden arbejder byen K\u00fchlungsborn sammen med feriehjem, virksomheder, s\u00f8redningsv\u00e6snet, skoler og organisationer indenfor arbejdsgruppe Gr\u00e6nse. Man m\u00f8des hver m\u00e5ned for at udveksle erfaringer med hensyn til gr\u00e6nsesikkerhed og for at udvikle nye strategier. Det begynder fra og med central overv\u00e5gede b\u00e5dspladser, sk\u00e6rpede anmeldelser for g\u00e6ster hen til storstilet v\u00e6rvning af gr\u00e6nsemedhj\u00e6lpere.<\/p>\n<\/div>\n\n\n\n<div class=\"is-layout-flow wp-block-column\">\n<figure class=\"wp-block-image size-full\"><img decoding=\"async\" loading=\"lazy\" width=\"1000\" height=\"750\" src=\"http:\/\/neu.ostseegrenzturm.net\/da\/wp-content\/uploads\/sites\/4\/2021\/10\/Grenzsoldaten-und-Fischer-HeimatstubeSW.jpg\" alt=\"\" class=\"wp-image-281\" srcset=\"http:\/\/ostsee-grenzturm.com\/da\/wp-content\/uploads\/sites\/4\/2021\/10\/Grenzsoldaten-und-Fischer-HeimatstubeSW.jpg 1000w, http:\/\/ostsee-grenzturm.com\/da\/wp-content\/uploads\/sites\/4\/2021\/10\/Grenzsoldaten-und-Fischer-HeimatstubeSW-300x225.jpg 300w, http:\/\/ostsee-grenzturm.com\/da\/wp-content\/uploads\/sites\/4\/2021\/10\/Grenzsoldaten-und-Fischer-HeimatstubeSW-768x576.jpg 768w\" sizes=\"(max-width: 1000px) 100vw, 1000px\" \/><\/figure>\n<\/div>\n<\/div>\n\n\n\n<div class=\"is-layout-flex wp-container-15 wp-block-columns\">\n<div class=\"is-layout-flow wp-block-column\">\n<h3>Gr\u00e6nsemedhj\u00e6lper<\/h3>\n\n\n\n<p>Siden 1972 blev der i K\u00fchlungsborn v\u00e6rvet \u201dfrivbillige medhj\u00e6lpere af gr\u00e6nsetropperne\u201d. Man s\u00f8gte dem i virksomhederne, i skolerne og i byens afdeling for ferieservice. Med to mand som civilpatrulje overv\u00e5ger de stranden om aftenen, kamofleret som almindelige fodg\u00e6nger.[nbsp]Benyttelsen af b\u00e5de, luftmadrasser, gummiringe og dykkerudstyr betragtes som s\u00e6rlig mist\u00e6nkelig. Medhj\u00e6lperne er inbundet i gr\u00e6nsealarmen. For deres frivillige tjeneste modtog de 240 Mark om \u00e5ret.<\/p>\n<\/div>\n\n\n\n<div class=\"is-layout-flow wp-block-column\">\n<figure class=\"wp-block-image size-full\"><img decoding=\"async\" loading=\"lazy\" width=\"1000\" height=\"749\" src=\"http:\/\/neu.ostseegrenzturm.net\/da\/wp-content\/uploads\/sites\/4\/2021\/10\/01_Armbinde_freiwilliger_Helfer_der_Grenztruppen_am_Arm.jpg\" alt=\"\" class=\"wp-image-199\" srcset=\"http:\/\/ostsee-grenzturm.com\/da\/wp-content\/uploads\/sites\/4\/2021\/10\/01_Armbinde_freiwilliger_Helfer_der_Grenztruppen_am_Arm.jpg 1000w, http:\/\/ostsee-grenzturm.com\/da\/wp-content\/uploads\/sites\/4\/2021\/10\/01_Armbinde_freiwilliger_Helfer_der_Grenztruppen_am_Arm-300x225.jpg 300w, http:\/\/ostsee-grenzturm.com\/da\/wp-content\/uploads\/sites\/4\/2021\/10\/01_Armbinde_freiwilliger_Helfer_der_Grenztruppen_am_Arm-768x575.jpg 768w\" sizes=\"(max-width: 1000px) 100vw, 1000px\" \/><\/figure>\n<\/div>\n<\/div>\n","protected":false},"excerpt":{"rendered":"<p>Civil overv\u00e5gning De fleste flugtfors\u00f8g blev allerede stoppet p\u00e5 stranden, inde i landet, p\u00e5 baneg\u00e5rde og veje i n\u00e6rheden af kysten. Rejsende som havde b\u00e5de og dykkerudrustning med sig blev meldt og arresteret. Denne form for overv\u00e5gning var kun mulig med civile kr\u00e6fter, blandt andet statssikkerhed, kommunalforvaltning, politi og gr\u00e6nsemedhj\u00e6lpere. Ferieg\u00e6ster og K\u00fchlungsborns beboere var&#8230;  <a class=\"excerpt-read-more\" href=\"http:\/\/ostsee-grenzturm.com\/da\/grenzhistorie\/civil-overvaagning\/\" title=\"Read Civil overv\u00e5gning\">L\u00e6s mere &raquo;<\/a><\/p>\n","protected":false},"author":1,"featured_media":0,"parent":596,"menu_order":0,"comment_status":"closed","ping_status":"closed","template":"","meta":[],"_links":{"self":[{"href":"http:\/\/ostsee-grenzturm.com\/da\/wp-json\/wp\/v2\/pages\/602"}],"collection":[{"href":"http:\/\/ostsee-grenzturm.com\/da\/wp-json\/wp\/v2\/pages"}],"about":[{"href":"http:\/\/ostsee-grenzturm.com\/da\/wp-json\/wp\/v2\/types\/page"}],"author":[{"embeddable":true,"href":"http:\/\/ostsee-grenzturm.com\/da\/wp-json\/wp\/v2\/users\/1"}],"replies":[{"embeddable":true,"href":"http:\/\/ostsee-grenzturm.com\/da\/wp-json\/wp\/v2\/comments?post=602"}],"version-history":[{"count":9,"href":"http:\/\/ostsee-grenzturm.com\/da\/wp-json\/wp\/v2\/pages\/602\/revisions"}],"predecessor-version":[{"id":1083,"href":"http:\/\/ostsee-grenzturm.com\/da\/wp-json\/wp\/v2\/pages\/602\/revisions\/1083"}],"up":[{"embeddable":true,"href":"http:\/\/ostsee-grenzturm.com\/da\/wp-json\/wp\/v2\/pages\/596"}],"wp:attachment":[{"href":"http:\/\/ostsee-grenzturm.com\/da\/wp-json\/wp\/v2\/media?parent=602"}],"curies":[{"name":"wp","href":"https:\/\/api.w.org\/{rel}","templated":true}]}}