{"id":599,"date":"2021-10-20T06:55:13","date_gmt":"2021-10-20T04:55:13","guid":{"rendered":"http:\/\/neu.ostseegrenzturm.net\/da\/?page_id=599"},"modified":"2022-04-03T14:25:32","modified_gmt":"2022-04-03T12:25:32","slug":"militaer-overvaagning","status":"publish","type":"page","link":"http:\/\/ostsee-grenzturm.com\/da\/grenzhistorie\/militaer-overvaagning\/","title":{"rendered":"Milit\u00e6r overv\u00e5gning"},"content":{"rendered":"\n<div class=\"margintop100\"><\/div>\n\n\n\n<div class=\"is-layout-flex wp-container-3 wp-block-columns\">\n<div class=\"is-layout-flow wp-block-column\">\n<h2>Milit\u00e6r overv\u00e5gning<\/h2>\n<\/div>\n\n\n\n<div class=\"is-layout-flow wp-block-column\"><\/div>\n<\/div>\n\n\n\n<div class=\"is-layout-flex wp-container-6 wp-block-columns\">\n<div class=\"is-layout-flow wp-block-column\" style=\"flex-basis:33.33%\">\n<figure class=\"wp-block-image size-full\"><img decoding=\"async\" loading=\"lazy\" width=\"1000\" height=\"749\" src=\"http:\/\/neu.ostseegrenzturm.net\/da\/wp-content\/uploads\/sites\/4\/2021\/10\/militaeruebphoto1.jpg\" alt=\"\" class=\"wp-image-287\" srcset=\"http:\/\/ostsee-grenzturm.com\/da\/wp-content\/uploads\/sites\/4\/2021\/10\/militaeruebphoto1.jpg 1000w, http:\/\/ostsee-grenzturm.com\/da\/wp-content\/uploads\/sites\/4\/2021\/10\/militaeruebphoto1-300x225.jpg 300w, http:\/\/ostsee-grenzturm.com\/da\/wp-content\/uploads\/sites\/4\/2021\/10\/militaeruebphoto1-768x575.jpg 768w\" sizes=\"(max-width: 1000px) 100vw, 1000px\" \/><\/figure>\n<\/div>\n\n\n\n<div class=\"is-layout-flow wp-block-column\" style=\"flex-basis:66.66%\">\n<p>6. Gr\u00e6nsebrigade Kystgennemf\u00f8rte den milit\u00e6re overv\u00e5gning i omr\u00e5det omkring K\u00fchlungsborn med:<br>a) 6. Gr\u00e6nsekompagni af III Gr\u00e6nsebatallion i K\u00fchlungsborn \u00d8st:<br>Strandpatruljer. vagthundegruppe, t\u00e5rnbes\u00e6tning, og biler med s\u00f8gelys.<br>b) TBK Bukspitze ( Teknisk observationskompagni) i K\u00fchlungsborn Vest\/ Riedersee:<br>Hav-iagtagelse af flygtninge og skibe med radiopejlingsanl\u00e6g.<br>c) GAB (Gr\u00e6nse-uddannelsesbatallion) i K\u00fchlungsborn Vest\/ Riedensee:<br>Central uddannelse for soldater af 6. Gr\u00e6nsebrigade Kyst.<\/p>\n<\/div>\n<\/div>\n\n\n\n<div class=\"is-layout-flex wp-container-9 wp-block-columns\">\n<div class=\"is-layout-flow wp-block-column\">\n<h2>Gr\u00e6nselinien<\/h2>\n\n\n\n<p>DDRs s\u00f8gr\u00e6nse l\u00e5 i en afstand af 5,6 km langs med kystlinien. Dette \u201d3 mils gr\u00e6nse-omr\u00e5de\u201d var DDRs territoriale s\u00f8omr\u00e5de. Bagved begyndte det internationale farvand. \u00d8sters\u00f8kystens gr\u00e6nseoverv\u00e5gning var et dybt aftrappet system, p\u00e5 landet og havet, med kontrol inde i landet (Byer og baneg\u00e5rde), \u00f8get overv\u00e5gning af \u201d7 km gr\u00e6nseomr\u00e5det\u201d langs med kysten og overv\u00e5gning af den egentlige s\u00f8gr\u00e6nse.<\/p>\n<\/div>\n\n\n\n<div class=\"is-layout-flow wp-block-column\">\n<figure class=\"wp-block-image size-full\"><img decoding=\"async\" loading=\"lazy\" width=\"1000\" height=\"675\" src=\"http:\/\/neu.ostseegrenzturm.net\/da\/wp-content\/uploads\/sites\/4\/2021\/10\/miliphoto2grenzverlauf.jpg\" alt=\"\" class=\"wp-image-283\" srcset=\"http:\/\/ostsee-grenzturm.com\/da\/wp-content\/uploads\/sites\/4\/2021\/10\/miliphoto2grenzverlauf.jpg 1000w, http:\/\/ostsee-grenzturm.com\/da\/wp-content\/uploads\/sites\/4\/2021\/10\/miliphoto2grenzverlauf-300x203.jpg 300w, http:\/\/ostsee-grenzturm.com\/da\/wp-content\/uploads\/sites\/4\/2021\/10\/miliphoto2grenzverlauf-768x518.jpg 768w\" sizes=\"(max-width: 1000px) 100vw, 1000px\" \/><\/figure>\n<\/div>\n<\/div>\n\n\n\n<div class=\"is-layout-flex wp-container-14 wp-block-columns\">\n<div class=\"is-layout-flow wp-block-column\">\n<figure class=\"is-layout-flex wp-block-gallery-10 wp-block-gallery has-nested-images columns-1 is-cropped\">\n<figure class=\"wp-block-image size-full\"><a href=\"http:\/\/neu.ostseegrenzturm.net\/da\/wp-content\/uploads\/sites\/4\/2021\/10\/01_Militaer-auf-Land.jpg\" data-lbwps-gid=\"2\"><img decoding=\"async\" loading=\"lazy\" width=\"1000\" height=\"749\" src=\"http:\/\/neu.ostseegrenzturm.net\/da\/wp-content\/uploads\/sites\/4\/2021\/10\/01_Militaer-auf-Land.jpg\" alt=\"\" class=\"wp-image-203\" srcset=\"http:\/\/ostsee-grenzturm.com\/da\/wp-content\/uploads\/sites\/4\/2021\/10\/01_Militaer-auf-Land.jpg 1000w, http:\/\/ostsee-grenzturm.com\/da\/wp-content\/uploads\/sites\/4\/2021\/10\/01_Militaer-auf-Land-300x225.jpg 300w, http:\/\/ostsee-grenzturm.com\/da\/wp-content\/uploads\/sites\/4\/2021\/10\/01_Militaer-auf-Land-768x575.jpg 768w\" sizes=\"(max-width: 1000px) 100vw, 1000px\" \/><\/a><\/figure>\n\n\n\n<figure class=\"wp-block-image size-full\"><a href=\"http:\/\/neu.ostseegrenzturm.net\/da\/wp-content\/uploads\/sites\/4\/2021\/10\/02_Soldat-mit-Hund.jpg\" data-lbwps-gid=\"2\"><img decoding=\"async\" loading=\"lazy\" width=\"1000\" height=\"750\" src=\"http:\/\/neu.ostseegrenzturm.net\/da\/wp-content\/uploads\/sites\/4\/2021\/10\/02_Soldat-mit-Hund.jpg\" alt=\"\" class=\"wp-image-204\" srcset=\"http:\/\/ostsee-grenzturm.com\/da\/wp-content\/uploads\/sites\/4\/2021\/10\/02_Soldat-mit-Hund.jpg 1000w, http:\/\/ostsee-grenzturm.com\/da\/wp-content\/uploads\/sites\/4\/2021\/10\/02_Soldat-mit-Hund-300x225.jpg 300w, http:\/\/ostsee-grenzturm.com\/da\/wp-content\/uploads\/sites\/4\/2021\/10\/02_Soldat-mit-Hund-768x576.jpg 768w\" sizes=\"(max-width: 1000px) 100vw, 1000px\" \/><\/a><\/figure>\n\n\n\n<figure class=\"wp-block-image size-full\"><a href=\"http:\/\/neu.ostseegrenzturm.net\/da\/wp-content\/uploads\/sites\/4\/2021\/10\/04_Funkgeraet.jpg\" data-lbwps-gid=\"2\"><img decoding=\"async\" loading=\"lazy\" width=\"1000\" height=\"750\" src=\"http:\/\/neu.ostseegrenzturm.net\/da\/wp-content\/uploads\/sites\/4\/2021\/10\/04_Funkgeraet.jpg\" alt=\"\" class=\"wp-image-206\" srcset=\"http:\/\/ostsee-grenzturm.com\/da\/wp-content\/uploads\/sites\/4\/2021\/10\/04_Funkgeraet.jpg 1000w, http:\/\/ostsee-grenzturm.com\/da\/wp-content\/uploads\/sites\/4\/2021\/10\/04_Funkgeraet-300x225.jpg 300w, http:\/\/ostsee-grenzturm.com\/da\/wp-content\/uploads\/sites\/4\/2021\/10\/04_Funkgeraet-768x576.jpg 768w\" sizes=\"(max-width: 1000px) 100vw, 1000px\" \/><\/a><\/figure>\n\n\n\n<figure class=\"wp-block-image size-full\"><a href=\"http:\/\/neu.ostseegrenzturm.net\/da\/wp-content\/uploads\/sites\/4\/2021\/10\/05_Funkernotizen.jpg\" data-lbwps-gid=\"2\"><img decoding=\"async\" loading=\"lazy\" width=\"1000\" height=\"750\" src=\"http:\/\/neu.ostseegrenzturm.net\/da\/wp-content\/uploads\/sites\/4\/2021\/10\/05_Funkernotizen.jpg\" alt=\"\" class=\"wp-image-207\" srcset=\"http:\/\/ostsee-grenzturm.com\/da\/wp-content\/uploads\/sites\/4\/2021\/10\/05_Funkernotizen.jpg 1000w, http:\/\/ostsee-grenzturm.com\/da\/wp-content\/uploads\/sites\/4\/2021\/10\/05_Funkernotizen-300x225.jpg 300w, http:\/\/ostsee-grenzturm.com\/da\/wp-content\/uploads\/sites\/4\/2021\/10\/05_Funkernotizen-768x576.jpg 768w\" sizes=\"(max-width: 1000px) 100vw, 1000px\" \/><\/a><\/figure>\n\n\n\n<figure class=\"wp-block-image size-full\"><a href=\"http:\/\/neu.ostseegrenzturm.net\/da\/wp-content\/uploads\/sites\/4\/2021\/10\/06_Funkturm.jpg\" data-lbwps-gid=\"2\"><img decoding=\"async\" loading=\"lazy\" width=\"1000\" height=\"750\" src=\"http:\/\/neu.ostseegrenzturm.net\/da\/wp-content\/uploads\/sites\/4\/2021\/10\/06_Funkturm.jpg\" alt=\"\" class=\"wp-image-208\" srcset=\"http:\/\/ostsee-grenzturm.com\/da\/wp-content\/uploads\/sites\/4\/2021\/10\/06_Funkturm.jpg 1000w, http:\/\/ostsee-grenzturm.com\/da\/wp-content\/uploads\/sites\/4\/2021\/10\/06_Funkturm-300x225.jpg 300w, http:\/\/ostsee-grenzturm.com\/da\/wp-content\/uploads\/sites\/4\/2021\/10\/06_Funkturm-768x576.jpg 768w\" sizes=\"(max-width: 1000px) 100vw, 1000px\" \/><\/a><\/figure>\n\n\n\n<figure class=\"wp-block-image size-full\"><a href=\"http:\/\/neu.ostseegrenzturm.net\/da\/wp-content\/uploads\/sites\/4\/2021\/10\/09_Grenzer-im-Winter.jpg\" data-lbwps-gid=\"2\"><img decoding=\"async\" loading=\"lazy\" width=\"1000\" height=\"750\" src=\"http:\/\/neu.ostseegrenzturm.net\/da\/wp-content\/uploads\/sites\/4\/2021\/10\/09_Grenzer-im-Winter.jpg\" alt=\"\" class=\"wp-image-210\" srcset=\"http:\/\/ostsee-grenzturm.com\/da\/wp-content\/uploads\/sites\/4\/2021\/10\/09_Grenzer-im-Winter.jpg 1000w, http:\/\/ostsee-grenzturm.com\/da\/wp-content\/uploads\/sites\/4\/2021\/10\/09_Grenzer-im-Winter-300x225.jpg 300w, http:\/\/ostsee-grenzturm.com\/da\/wp-content\/uploads\/sites\/4\/2021\/10\/09_Grenzer-im-Winter-768x576.jpg 768w\" sizes=\"(max-width: 1000px) 100vw, 1000px\" \/><\/a><\/figure>\n\n\n\n<figure class=\"wp-block-image size-full\"><a href=\"http:\/\/neu.ostseegrenzturm.net\/da\/wp-content\/uploads\/sites\/4\/2021\/10\/10_Grenztrabant.jpg\" data-lbwps-gid=\"2\"><img decoding=\"async\" loading=\"lazy\" width=\"1000\" height=\"750\" src=\"http:\/\/neu.ostseegrenzturm.net\/da\/wp-content\/uploads\/sites\/4\/2021\/10\/10_Grenztrabant.jpg\" alt=\"\" class=\"wp-image-211\" srcset=\"http:\/\/ostsee-grenzturm.com\/da\/wp-content\/uploads\/sites\/4\/2021\/10\/10_Grenztrabant.jpg 1000w, http:\/\/ostsee-grenzturm.com\/da\/wp-content\/uploads\/sites\/4\/2021\/10\/10_Grenztrabant-300x225.jpg 300w, http:\/\/ostsee-grenzturm.com\/da\/wp-content\/uploads\/sites\/4\/2021\/10\/10_Grenztrabant-768x576.jpg 768w\" sizes=\"(max-width: 1000px) 100vw, 1000px\" \/><\/a><\/figure>\n\n\n\n<figure class=\"wp-block-image size-full\"><a href=\"http:\/\/neu.ostseegrenzturm.net\/da\/wp-content\/uploads\/sites\/4\/2021\/10\/11_Grepo_see.jpg\" data-lbwps-gid=\"2\"><img decoding=\"async\" loading=\"lazy\" width=\"1000\" height=\"750\" src=\"http:\/\/neu.ostseegrenzturm.net\/da\/wp-content\/uploads\/sites\/4\/2021\/10\/11_Grepo_see.jpg\" alt=\"\" class=\"wp-image-212\" srcset=\"http:\/\/ostsee-grenzturm.com\/da\/wp-content\/uploads\/sites\/4\/2021\/10\/11_Grepo_see.jpg 1000w, http:\/\/ostsee-grenzturm.com\/da\/wp-content\/uploads\/sites\/4\/2021\/10\/11_Grepo_see-300x225.jpg 300w, http:\/\/ostsee-grenzturm.com\/da\/wp-content\/uploads\/sites\/4\/2021\/10\/11_Grepo_see-768x576.jpg 768w\" sizes=\"(max-width: 1000px) 100vw, 1000px\" \/><\/a><\/figure>\n\n\n\n<figure class=\"wp-block-image size-full\"><a href=\"http:\/\/neu.ostseegrenzturm.net\/da\/wp-content\/uploads\/sites\/4\/2021\/10\/12_Kalaschnikov.jpg\" data-lbwps-gid=\"2\"><img decoding=\"async\" loading=\"lazy\" width=\"1000\" height=\"750\" src=\"http:\/\/neu.ostseegrenzturm.net\/da\/wp-content\/uploads\/sites\/4\/2021\/10\/12_Kalaschnikov.jpg\" alt=\"\" class=\"wp-image-213\" srcset=\"http:\/\/ostsee-grenzturm.com\/da\/wp-content\/uploads\/sites\/4\/2021\/10\/12_Kalaschnikov.jpg 1000w, http:\/\/ostsee-grenzturm.com\/da\/wp-content\/uploads\/sites\/4\/2021\/10\/12_Kalaschnikov-300x225.jpg 300w, http:\/\/ostsee-grenzturm.com\/da\/wp-content\/uploads\/sites\/4\/2021\/10\/12_Kalaschnikov-768x576.jpg 768w\" sizes=\"(max-width: 1000px) 100vw, 1000px\" \/><\/a><figcaption>AK 47, Grenzsoldaten waren immer bewaffnet und schossen im Ernstfall<\/figcaption><\/figure>\n\n\n\n<figure class=\"wp-block-image size-full\"><a href=\"http:\/\/neu.ostseegrenzturm.net\/da\/wp-content\/uploads\/sites\/4\/2021\/10\/13_Mobile-Scheinwerfer.jpg\" data-lbwps-gid=\"2\"><img decoding=\"async\" loading=\"lazy\" width=\"1000\" height=\"750\" src=\"http:\/\/neu.ostseegrenzturm.net\/da\/wp-content\/uploads\/sites\/4\/2021\/10\/13_Mobile-Scheinwerfer.jpg\" alt=\"\" class=\"wp-image-214\" srcset=\"http:\/\/ostsee-grenzturm.com\/da\/wp-content\/uploads\/sites\/4\/2021\/10\/13_Mobile-Scheinwerfer.jpg 1000w, http:\/\/ostsee-grenzturm.com\/da\/wp-content\/uploads\/sites\/4\/2021\/10\/13_Mobile-Scheinwerfer-300x225.jpg 300w, http:\/\/ostsee-grenzturm.com\/da\/wp-content\/uploads\/sites\/4\/2021\/10\/13_Mobile-Scheinwerfer-768x576.jpg 768w\" sizes=\"(max-width: 1000px) 100vw, 1000px\" \/><\/a><\/figure>\n\n\n\n<figure class=\"wp-block-image size-full\"><a href=\"http:\/\/neu.ostseegrenzturm.net\/da\/wp-content\/uploads\/sites\/4\/2021\/10\/13-2_Mobile-Scheinwerfer.jpg\" data-lbwps-gid=\"2\"><img decoding=\"async\" loading=\"lazy\" width=\"1000\" height=\"750\" src=\"http:\/\/neu.ostseegrenzturm.net\/da\/wp-content\/uploads\/sites\/4\/2021\/10\/13-2_Mobile-Scheinwerfer.jpg\" alt=\"\" class=\"wp-image-215\" srcset=\"http:\/\/ostsee-grenzturm.com\/da\/wp-content\/uploads\/sites\/4\/2021\/10\/13-2_Mobile-Scheinwerfer.jpg 1000w, http:\/\/ostsee-grenzturm.com\/da\/wp-content\/uploads\/sites\/4\/2021\/10\/13-2_Mobile-Scheinwerfer-300x225.jpg 300w, http:\/\/ostsee-grenzturm.com\/da\/wp-content\/uploads\/sites\/4\/2021\/10\/13-2_Mobile-Scheinwerfer-768x576.jpg 768w\" sizes=\"(max-width: 1000px) 100vw, 1000px\" \/><\/a><\/figure>\n<\/figure>\n<\/div>\n\n\n\n<div class=\"is-layout-flow wp-block-column\">\n<h2>Overv\u00e5gning p\u00e5 land<\/h2>\n\n\n\n<p>S\u00f8gelysenes lyskegler str\u00f8g i regelm\u00e6ssige tidsintervaller hen over \u00d8sters\u00f8en.[nbsp]Bev\u00e6bnede postpar gik deres runder med s\u00f8gehunde langs med hele K\u00fchlungsborns strand. \u201dBagholdsposter\u201d lurede i buskadset. Alle former for transportmidler p\u00e5 vandet, mennesker eller mist\u00e6nkelige objekter var anledning til \u00f8jeblikkelige aktioner. Landoverv\u00e5gningen var ikke bare effektiv, den skulle ogs\u00e5 virke afskr\u00e6kkende.<\/p>\n<\/div>\n<\/div>\n\n\n\n<div class=\"is-layout-flex wp-container-19 wp-block-columns\">\n<div class=\"is-layout-flow wp-block-column\">\n<h2>Overv\u00e5gning p\u00e5 havet<\/h2>\n\n\n\n<p>Umiddelbar foran kysten befandt sig Gr\u00e6nsebrigade Kysts vagtb\u00e5de. To forpostskibe l\u00e5 foran Vesttysklands kyst, som ved morgengry s\u00f8gte efter indtr\u00e6ffende flygtninge. Fra gr\u00e6nseskibene, vagtt\u00e5rne og de tekniske observationskompagnier blev hele skibstrafikken overv\u00e5get. Ved \u201ds\u00e6rlige h\u00e6ndelser\u201d fik Gr\u00e6nsebrigade Kyst underst\u00f8ttelse gennem Volksmarine og helikoptere.<\/p>\n<\/div>\n\n\n\n<div class=\"is-layout-flow wp-block-column\">\n<figure class=\"is-layout-flex wp-block-gallery-16 wp-block-gallery has-nested-images columns-1\">\n<figure class=\"wp-block-image size-large\"><a href=\"http:\/\/neu.ostseegrenzturm.net\/da\/wp-content\/uploads\/sites\/4\/2021\/10\/01_schiff.jpg\" data-lbwps-gid=\"3\"><img decoding=\"async\" loading=\"lazy\" width=\"1000\" height=\"750\" src=\"http:\/\/neu.ostseegrenzturm.net\/da\/wp-content\/uploads\/sites\/4\/2021\/10\/01_schiff.jpg\" alt=\"\" class=\"wp-image-216\" srcset=\"http:\/\/ostsee-grenzturm.com\/da\/wp-content\/uploads\/sites\/4\/2021\/10\/01_schiff.jpg 1000w, http:\/\/ostsee-grenzturm.com\/da\/wp-content\/uploads\/sites\/4\/2021\/10\/01_schiff-300x225.jpg 300w, http:\/\/ostsee-grenzturm.com\/da\/wp-content\/uploads\/sites\/4\/2021\/10\/01_schiff-768x576.jpg 768w\" sizes=\"(max-width: 1000px) 100vw, 1000px\" \/><\/a><\/figure>\n\n\n\n<figure class=\"wp-block-image size-large\"><a href=\"http:\/\/neu.ostseegrenzturm.net\/da\/wp-content\/uploads\/sites\/4\/2021\/10\/02_Hubschrauber.jpg\" data-lbwps-gid=\"3\"><img decoding=\"async\" loading=\"lazy\" width=\"1000\" height=\"750\" src=\"http:\/\/neu.ostseegrenzturm.net\/da\/wp-content\/uploads\/sites\/4\/2021\/10\/02_Hubschrauber.jpg\" alt=\"\" class=\"wp-image-217\" srcset=\"http:\/\/ostsee-grenzturm.com\/da\/wp-content\/uploads\/sites\/4\/2021\/10\/02_Hubschrauber.jpg 1000w, http:\/\/ostsee-grenzturm.com\/da\/wp-content\/uploads\/sites\/4\/2021\/10\/02_Hubschrauber-300x225.jpg 300w, http:\/\/ostsee-grenzturm.com\/da\/wp-content\/uploads\/sites\/4\/2021\/10\/02_Hubschrauber-768x576.jpg 768w\" sizes=\"(max-width: 1000px) 100vw, 1000px\" \/><\/a><\/figure>\n\n\n\n<figure class=\"wp-block-image size-large\"><a href=\"http:\/\/neu.ostseegrenzturm.net\/da\/wp-content\/uploads\/sites\/4\/2021\/10\/03_Grenzboot.jpg\" data-lbwps-gid=\"3\"><img decoding=\"async\" loading=\"lazy\" width=\"1000\" height=\"750\" src=\"http:\/\/neu.ostseegrenzturm.net\/da\/wp-content\/uploads\/sites\/4\/2021\/10\/03_Grenzboot.jpg\" alt=\"\" class=\"wp-image-218\" srcset=\"http:\/\/ostsee-grenzturm.com\/da\/wp-content\/uploads\/sites\/4\/2021\/10\/03_Grenzboot.jpg 1000w, http:\/\/ostsee-grenzturm.com\/da\/wp-content\/uploads\/sites\/4\/2021\/10\/03_Grenzboot-300x225.jpg 300w, http:\/\/ostsee-grenzturm.com\/da\/wp-content\/uploads\/sites\/4\/2021\/10\/03_Grenzboot-768x576.jpg 768w\" sizes=\"(max-width: 1000px) 100vw, 1000px\" \/><\/a><\/figure>\n\n\n\n<figure class=\"wp-block-image size-large\"><a href=\"http:\/\/neu.ostseegrenzturm.net\/da\/wp-content\/uploads\/sites\/4\/2021\/10\/04_Hubschrauber.jpg\" data-lbwps-gid=\"3\"><img decoding=\"async\" loading=\"lazy\" width=\"1000\" height=\"750\" src=\"http:\/\/neu.ostseegrenzturm.net\/da\/wp-content\/uploads\/sites\/4\/2021\/10\/04_Hubschrauber.jpg\" alt=\"\" class=\"wp-image-219\" srcset=\"http:\/\/ostsee-grenzturm.com\/da\/wp-content\/uploads\/sites\/4\/2021\/10\/04_Hubschrauber.jpg 1000w, http:\/\/ostsee-grenzturm.com\/da\/wp-content\/uploads\/sites\/4\/2021\/10\/04_Hubschrauber-300x225.jpg 300w, http:\/\/ostsee-grenzturm.com\/da\/wp-content\/uploads\/sites\/4\/2021\/10\/04_Hubschrauber-768x576.jpg 768w\" sizes=\"(max-width: 1000px) 100vw, 1000px\" \/><\/a><\/figure>\n\n\n\n<figure class=\"wp-block-image size-large\"><a href=\"http:\/\/neu.ostseegrenzturm.net\/da\/wp-content\/uploads\/sites\/4\/2021\/10\/05_Grenzboot.jpg\" data-lbwps-gid=\"3\"><img decoding=\"async\" loading=\"lazy\" width=\"1000\" height=\"750\" src=\"http:\/\/neu.ostseegrenzturm.net\/da\/wp-content\/uploads\/sites\/4\/2021\/10\/05_Grenzboot.jpg\" alt=\"\" class=\"wp-image-220\" srcset=\"http:\/\/ostsee-grenzturm.com\/da\/wp-content\/uploads\/sites\/4\/2021\/10\/05_Grenzboot.jpg 1000w, http:\/\/ostsee-grenzturm.com\/da\/wp-content\/uploads\/sites\/4\/2021\/10\/05_Grenzboot-300x225.jpg 300w, http:\/\/ostsee-grenzturm.com\/da\/wp-content\/uploads\/sites\/4\/2021\/10\/05_Grenzboot-768x576.jpg 768w\" sizes=\"(max-width: 1000px) 100vw, 1000px\" \/><\/a><\/figure>\n\n\n\n<figure class=\"wp-block-image size-large\"><a href=\"http:\/\/neu.ostseegrenzturm.net\/da\/wp-content\/uploads\/sites\/4\/2021\/10\/06_Grenzboote.jpg\" data-lbwps-gid=\"3\"><img decoding=\"async\" loading=\"lazy\" width=\"1000\" height=\"750\" src=\"http:\/\/neu.ostseegrenzturm.net\/da\/wp-content\/uploads\/sites\/4\/2021\/10\/06_Grenzboote.jpg\" alt=\"\" class=\"wp-image-221\" srcset=\"http:\/\/ostsee-grenzturm.com\/da\/wp-content\/uploads\/sites\/4\/2021\/10\/06_Grenzboote.jpg 1000w, http:\/\/ostsee-grenzturm.com\/da\/wp-content\/uploads\/sites\/4\/2021\/10\/06_Grenzboote-300x225.jpg 300w, http:\/\/ostsee-grenzturm.com\/da\/wp-content\/uploads\/sites\/4\/2021\/10\/06_Grenzboote-768x576.jpg 768w\" sizes=\"(max-width: 1000px) 100vw, 1000px\" \/><\/a><\/figure>\n\n\n\n<figure class=\"wp-block-image size-large\"><a href=\"http:\/\/neu.ostseegrenzturm.net\/da\/wp-content\/uploads\/sites\/4\/2021\/10\/07_Grenze.jpg\" data-lbwps-gid=\"3\"><img decoding=\"async\" loading=\"lazy\" width=\"1000\" height=\"750\" src=\"http:\/\/neu.ostseegrenzturm.net\/da\/wp-content\/uploads\/sites\/4\/2021\/10\/07_Grenze.jpg\" alt=\"\" class=\"wp-image-222\" srcset=\"http:\/\/ostsee-grenzturm.com\/da\/wp-content\/uploads\/sites\/4\/2021\/10\/07_Grenze.jpg 1000w, http:\/\/ostsee-grenzturm.com\/da\/wp-content\/uploads\/sites\/4\/2021\/10\/07_Grenze-300x225.jpg 300w, http:\/\/ostsee-grenzturm.com\/da\/wp-content\/uploads\/sites\/4\/2021\/10\/07_Grenze-768x576.jpg 768w\" sizes=\"(max-width: 1000px) 100vw, 1000px\" \/><\/a><\/figure>\n\n\n\n<figure class=\"wp-block-image size-large\"><a href=\"http:\/\/neu.ostseegrenzturm.net\/da\/wp-content\/uploads\/sites\/4\/2021\/10\/08_Hubschrauber.jpg\" data-lbwps-gid=\"3\"><img decoding=\"async\" loading=\"lazy\" width=\"1000\" height=\"750\" src=\"http:\/\/neu.ostseegrenzturm.net\/da\/wp-content\/uploads\/sites\/4\/2021\/10\/08_Hubschrauber.jpg\" alt=\"\" class=\"wp-image-223\" srcset=\"http:\/\/ostsee-grenzturm.com\/da\/wp-content\/uploads\/sites\/4\/2021\/10\/08_Hubschrauber.jpg 1000w, http:\/\/ostsee-grenzturm.com\/da\/wp-content\/uploads\/sites\/4\/2021\/10\/08_Hubschrauber-300x225.jpg 300w, http:\/\/ostsee-grenzturm.com\/da\/wp-content\/uploads\/sites\/4\/2021\/10\/08_Hubschrauber-768x576.jpg 768w\" sizes=\"(max-width: 1000px) 100vw, 1000px\" \/><\/a><\/figure>\n\n\n\n<figure class=\"wp-block-image size-large\"><a href=\"http:\/\/neu.ostseegrenzturm.net\/da\/wp-content\/uploads\/sites\/4\/2021\/10\/09_GrenzeUJ201M6.jpg\" data-lbwps-gid=\"3\"><img decoding=\"async\" loading=\"lazy\" width=\"1000\" height=\"750\" src=\"http:\/\/neu.ostseegrenzturm.net\/da\/wp-content\/uploads\/sites\/4\/2021\/10\/09_GrenzeUJ201M6.jpg\" alt=\"\" class=\"wp-image-224\" srcset=\"http:\/\/ostsee-grenzturm.com\/da\/wp-content\/uploads\/sites\/4\/2021\/10\/09_GrenzeUJ201M6.jpg 1000w, http:\/\/ostsee-grenzturm.com\/da\/wp-content\/uploads\/sites\/4\/2021\/10\/09_GrenzeUJ201M6-300x225.jpg 300w, http:\/\/ostsee-grenzturm.com\/da\/wp-content\/uploads\/sites\/4\/2021\/10\/09_GrenzeUJ201M6-768x576.jpg 768w\" sizes=\"(max-width: 1000px) 100vw, 1000px\" \/><\/a><\/figure>\n\n\n\n<figure class=\"wp-block-image size-large\"><a href=\"http:\/\/neu.ostseegrenzturm.net\/da\/wp-content\/uploads\/sites\/4\/2021\/10\/10_grenzposten_see.jpg\" data-lbwps-gid=\"3\"><img decoding=\"async\" loading=\"lazy\" width=\"1000\" height=\"750\" src=\"http:\/\/neu.ostseegrenzturm.net\/da\/wp-content\/uploads\/sites\/4\/2021\/10\/10_grenzposten_see.jpg\" alt=\"\" class=\"wp-image-225\" srcset=\"http:\/\/ostsee-grenzturm.com\/da\/wp-content\/uploads\/sites\/4\/2021\/10\/10_grenzposten_see.jpg 1000w, http:\/\/ostsee-grenzturm.com\/da\/wp-content\/uploads\/sites\/4\/2021\/10\/10_grenzposten_see-300x225.jpg 300w, http:\/\/ostsee-grenzturm.com\/da\/wp-content\/uploads\/sites\/4\/2021\/10\/10_grenzposten_see-768x576.jpg 768w\" sizes=\"(max-width: 1000px) 100vw, 1000px\" \/><\/a><\/figure>\n\n\n\n<figure class=\"wp-block-image size-large\"><a href=\"http:\/\/neu.ostseegrenzturm.net\/da\/wp-content\/uploads\/sites\/4\/2021\/10\/11_Krake-DDR-Wachschiff.jpg\" data-lbwps-gid=\"3\"><img decoding=\"async\" loading=\"lazy\" width=\"1000\" height=\"750\" src=\"http:\/\/neu.ostseegrenzturm.net\/da\/wp-content\/uploads\/sites\/4\/2021\/10\/11_Krake-DDR-Wachschiff.jpg\" alt=\"\" class=\"wp-image-226\" srcset=\"http:\/\/ostsee-grenzturm.com\/da\/wp-content\/uploads\/sites\/4\/2021\/10\/11_Krake-DDR-Wachschiff.jpg 1000w, http:\/\/ostsee-grenzturm.com\/da\/wp-content\/uploads\/sites\/4\/2021\/10\/11_Krake-DDR-Wachschiff-300x225.jpg 300w, http:\/\/ostsee-grenzturm.com\/da\/wp-content\/uploads\/sites\/4\/2021\/10\/11_Krake-DDR-Wachschiff-768x576.jpg 768w\" sizes=\"(max-width: 1000px) 100vw, 1000px\" \/><\/a><\/figure>\n\n\n\n<figure class=\"wp-block-image size-large\"><a href=\"http:\/\/neu.ostseegrenzturm.net\/da\/wp-content\/uploads\/sites\/4\/2021\/10\/12_Matrose-Fernrohr.jpg\" data-lbwps-gid=\"3\"><img decoding=\"async\" loading=\"lazy\" width=\"1000\" height=\"750\" src=\"http:\/\/neu.ostseegrenzturm.net\/da\/wp-content\/uploads\/sites\/4\/2021\/10\/12_Matrose-Fernrohr.jpg\" alt=\"\" class=\"wp-image-227\" srcset=\"http:\/\/ostsee-grenzturm.com\/da\/wp-content\/uploads\/sites\/4\/2021\/10\/12_Matrose-Fernrohr.jpg 1000w, http:\/\/ostsee-grenzturm.com\/da\/wp-content\/uploads\/sites\/4\/2021\/10\/12_Matrose-Fernrohr-300x225.jpg 300w, http:\/\/ostsee-grenzturm.com\/da\/wp-content\/uploads\/sites\/4\/2021\/10\/12_Matrose-Fernrohr-768x576.jpg 768w\" sizes=\"(max-width: 1000px) 100vw, 1000px\" \/><\/a><\/figure>\n\n\n\n<figure class=\"wp-block-image size-large\"><a href=\"http:\/\/neu.ostseegrenzturm.net\/da\/wp-content\/uploads\/sites\/4\/2021\/10\/13_KS-Boot.jpg\" data-lbwps-gid=\"3\"><img decoding=\"async\" loading=\"lazy\" width=\"1000\" height=\"750\" src=\"http:\/\/neu.ostseegrenzturm.net\/da\/wp-content\/uploads\/sites\/4\/2021\/10\/13_KS-Boot.jpg\" alt=\"\" class=\"wp-image-228\" srcset=\"http:\/\/ostsee-grenzturm.com\/da\/wp-content\/uploads\/sites\/4\/2021\/10\/13_KS-Boot.jpg 1000w, http:\/\/ostsee-grenzturm.com\/da\/wp-content\/uploads\/sites\/4\/2021\/10\/13_KS-Boot-300x225.jpg 300w, http:\/\/ostsee-grenzturm.com\/da\/wp-content\/uploads\/sites\/4\/2021\/10\/13_KS-Boot-768x576.jpg 768w\" sizes=\"(max-width: 1000px) 100vw, 1000px\" \/><\/a><\/figure>\n\n\n\n<figure class=\"wp-block-image size-large\"><a href=\"http:\/\/neu.ostseegrenzturm.net\/da\/wp-content\/uploads\/sites\/4\/2021\/10\/14_Signalgast.jpg\" data-lbwps-gid=\"3\"><img decoding=\"async\" loading=\"lazy\" width=\"1000\" height=\"750\" src=\"http:\/\/neu.ostseegrenzturm.net\/da\/wp-content\/uploads\/sites\/4\/2021\/10\/14_Signalgast.jpg\" alt=\"\" class=\"wp-image-229\" srcset=\"http:\/\/ostsee-grenzturm.com\/da\/wp-content\/uploads\/sites\/4\/2021\/10\/14_Signalgast.jpg 1000w, http:\/\/ostsee-grenzturm.com\/da\/wp-content\/uploads\/sites\/4\/2021\/10\/14_Signalgast-300x225.jpg 300w, http:\/\/ostsee-grenzturm.com\/da\/wp-content\/uploads\/sites\/4\/2021\/10\/14_Signalgast-768x576.jpg 768w\" sizes=\"(max-width: 1000px) 100vw, 1000px\" \/><\/a><\/figure>\n<\/figure>\n<\/div>\n<\/div>\n","protected":false},"excerpt":{"rendered":"<p>Milit\u00e6r overv\u00e5gning 6. Gr\u00e6nsebrigade Kystgennemf\u00f8rte den milit\u00e6re overv\u00e5gning i omr\u00e5det omkring K\u00fchlungsborn med:a) 6. Gr\u00e6nsekompagni af III Gr\u00e6nsebatallion i K\u00fchlungsborn \u00d8st:Strandpatruljer. vagthundegruppe, t\u00e5rnbes\u00e6tning, og biler med s\u00f8gelys.b) TBK Bukspitze ( Teknisk observationskompagni) i K\u00fchlungsborn Vest\/ Riedersee:Hav-iagtagelse af flygtninge og skibe med radiopejlingsanl\u00e6g.c) GAB (Gr\u00e6nse-uddannelsesbatallion) i K\u00fchlungsborn Vest\/ Riedensee:Central uddannelse for soldater af 6. Gr\u00e6nsebrigade Kyst&#8230;.  <a class=\"excerpt-read-more\" href=\"http:\/\/ostsee-grenzturm.com\/da\/grenzhistorie\/militaer-overvaagning\/\" title=\"Read Milit\u00e6r overv\u00e5gning\">L\u00e6s mere &raquo;<\/a><\/p>\n","protected":false},"author":1,"featured_media":0,"parent":596,"menu_order":0,"comment_status":"closed","ping_status":"closed","template":"","meta":[],"_links":{"self":[{"href":"http:\/\/ostsee-grenzturm.com\/da\/wp-json\/wp\/v2\/pages\/599"}],"collection":[{"href":"http:\/\/ostsee-grenzturm.com\/da\/wp-json\/wp\/v2\/pages"}],"about":[{"href":"http:\/\/ostsee-grenzturm.com\/da\/wp-json\/wp\/v2\/types\/page"}],"author":[{"embeddable":true,"href":"http:\/\/ostsee-grenzturm.com\/da\/wp-json\/wp\/v2\/users\/1"}],"replies":[{"embeddable":true,"href":"http:\/\/ostsee-grenzturm.com\/da\/wp-json\/wp\/v2\/comments?post=599"}],"version-history":[{"count":10,"href":"http:\/\/ostsee-grenzturm.com\/da\/wp-json\/wp\/v2\/pages\/599\/revisions"}],"predecessor-version":[{"id":1071,"href":"http:\/\/ostsee-grenzturm.com\/da\/wp-json\/wp\/v2\/pages\/599\/revisions\/1071"}],"up":[{"embeddable":true,"href":"http:\/\/ostsee-grenzturm.com\/da\/wp-json\/wp\/v2\/pages\/596"}],"wp:attachment":[{"href":"http:\/\/ostsee-grenzturm.com\/da\/wp-json\/wp\/v2\/media?parent=599"}],"curies":[{"name":"wp","href":"https:\/\/api.w.org\/{rel}","templated":true}]}}