{"id":590,"date":"2021-10-20T06:53:43","date_gmt":"2021-10-20T04:53:43","guid":{"rendered":"http:\/\/neu.ostseegrenzturm.net\/da\/?page_id=590"},"modified":"2022-04-03T15:06:19","modified_gmt":"2022-04-03T13:06:19","slug":"museet","status":"publish","type":"page","link":"http:\/\/ostsee-grenzturm.com\/da\/museet\/","title":{"rendered":"Museet"},"content":{"rendered":"<div id=\"metaslider-id-639\" style=\"width: 100%;\" class=\"ml-slider-3-60-1 metaslider metaslider-flex metaslider-639 ml-slider ml-slider-lightbox-1-12-0 lightbox-disabled ms-theme-default\" role=\"region\" aria-roledescription=\"Slideshow\" aria-label=\"Museum\">\n    <div id=\"metaslider_container_639\">\n        <div id=\"metaslider_639\">\n            <ul aria-live=\"polite\" class=\"slides\">\n                <li style=\"display: block; width: 100%;\" class=\"slide-640 ms-image\" aria-roledescription=\"slide\" aria-label=\"slide-640\"><img src=\"http:\/\/ostsee-grenzturm.com\/da\/wp-content\/uploads\/sites\/4\/2021\/10\/01_Museum-aussen-983x428.jpg\" height=\"435\" width=\"1000\" alt=\"Museum mit Au\u00dfengel\u00e4nde und Turm\" class=\"slider-639 slide-640\" title=\"01_Museum-aussen\" \/><\/li>\n                <li style=\"display: none; width: 100%;\" class=\"slide-641 ms-image\" aria-roledescription=\"slide\" aria-label=\"slide-641\"><img src=\"http:\/\/ostsee-grenzturm.com\/da\/wp-content\/uploads\/sites\/4\/2021\/10\/02_Museumseroeffnung-983x428.jpg\" height=\"435\" width=\"1000\" alt=\"Er\u00f6ffnung des Museums mit der Dauerausstellung \u201eHorizonte\u201c im Jahre 2013\" class=\"slider-639 slide-641\" title=\"02_Museumseroeffnung\" \/><\/li>\n                <li style=\"display: none; width: 100%;\" class=\"slide-642 ms-image\" aria-roledescription=\"slide\" aria-label=\"slide-642\"><img src=\"http:\/\/ostsee-grenzturm.com\/da\/wp-content\/uploads\/sites\/4\/2021\/10\/03_Originalzitate-von-Fluechtenden-983x428.jpg\" height=\"435\" width=\"1000\" alt=\"Wand mit Originalzitaten von Fl\u00fcchtenden, ehemaligen Soldaten und Grenzhelfern\" class=\"slider-639 slide-642\" title=\"03_Originalzitate-von-Fluechtenden\" \/><\/li>\n                <li style=\"display: none; width: 100%;\" class=\"slide-643 ms-image\" aria-roledescription=\"slide\" aria-label=\"slide-643\"><img src=\"http:\/\/ostsee-grenzturm.com\/da\/wp-content\/uploads\/sites\/4\/2021\/10\/04_Ausstellung-986x429.jpg\" height=\"435\" width=\"1000\" alt=\"Die gesamte Ausstellung ist bilingual: English und Deutsch\" class=\"slider-639 slide-643\" title=\"04_Ausstellung\" \/><\/li>\n                <li style=\"display: none; width: 100%;\" class=\"slide-644 ms-image\" aria-roledescription=\"slide\" aria-label=\"slide-644\"><img src=\"http:\/\/ostsee-grenzturm.com\/da\/wp-content\/uploads\/sites\/4\/2021\/10\/05_-Multimediaterminals-986x429.jpg\" height=\"435\" width=\"1000\" alt=\"Multimediaterminals schildern Fluchtgeschichten\" class=\"slider-639 slide-644\" title=\"05_ Multimediaterminals\" \/><\/li>\n                <li style=\"display: none; width: 100%;\" class=\"slide-645 ms-image\" aria-roledescription=\"slide\" aria-label=\"slide-645\"><img src=\"http:\/\/ostsee-grenzturm.com\/da\/wp-content\/uploads\/sites\/4\/2021\/10\/06_-Originalfluchtboot-der-Familie-Kostbade-986x429.jpg\" height=\"435\" width=\"1000\" alt=\"Das Originalfluchtboot der Familie Kostbade bildet das Herz der Ausstellung\" class=\"slider-639 slide-645\" title=\"06_ Originalfluchtboot-der-Familie-Kostbade\" \/><\/li>\n                <li style=\"display: none; width: 100%;\" class=\"slide-646 ms-image\" aria-roledescription=\"slide\" aria-label=\"slide-646\"><img src=\"http:\/\/ostsee-grenzturm.com\/da\/wp-content\/uploads\/sites\/4\/2021\/10\/07_-Handakten-986x429.jpg\" height=\"435\" width=\"1000\" alt=\"\" class=\"slider-639 slide-646\" title=\"07_ Handakten\" \/><\/li>\n                <li style=\"display: none; width: 100%;\" class=\"slide-647 ms-image\" aria-roledescription=\"slide\" aria-label=\"slide-647\"><img src=\"http:\/\/ostsee-grenzturm.com\/da\/wp-content\/uploads\/sites\/4\/2021\/10\/08_digitalter-Bildrahmen-986x429.jpg\" height=\"435\" width=\"1000\" alt=\"Die spektakul\u00e4rsten Ostseefluchten werden im digitalen Bilderrahmen dargestellt\" class=\"slider-639 slide-647\" title=\"08_digitalter-Bildrahmen\" \/><\/li>\n            <\/ul>\n        <\/div>\n        \n    <\/div>\n<\/div>\n\n\n\n<h1>Museet<\/h1>\n\n\n\n<p>Gr\u00e6nset\u00e5rn-museet \u00e5bnede sine porte med en ny permanentudstilling i juli 2013. Der vises uds\u00f8gte originalgenstande fra museets arkiv og der gives forklaringer til DDR gr\u00e6nsesystemet. K\u00fchlungsborns dav\u00e6rende situation st\u00e5r i fokus. Der beskrives flugthistorier og tidligere gr\u00e6nsesoldater, som havde lokal tilknytning, ligesom gr\u00e6nsehj\u00e6lpere kommer til orde.<\/p>\n\n\n\n<div class=\"is-layout-flex wp-container-3 wp-block-columns\">\n<div class=\"is-layout-flow wp-block-column\">\n<h2>Eksponater<\/h2>\n\n\n\n<p>Familie Kostbades originale flugtb\u00e5d, som benyttedes af fire personer ved flugten over \u00d8sters\u00f8en i 1988, er del af udstillingen.[nbsp]P\u00e5h\u00e6ngsmotor, \u00e5rer, og andet udstyr giver et levende billede af den dramatiske flugtsituation. En kopi af Peter D\u00f6blers kompass, som han benyttede, da han i en enest\u00e5ende kraftanstr\u00e6ngelse sv\u00f8mmede over til Fehmern. Kompasset vises sammen med en[nbsp] gr\u00e6nsesoldats udrustning og originaleksponater som pass af gr\u00e6nsehj\u00e6lper og kikkert.<\/p>\n<\/div>\n\n\n\n<div class=\"is-layout-flow wp-block-column\">\n<figure class=\"wp-block-image size-full\"><img decoding=\"async\" loading=\"lazy\" width=\"1000\" height=\"750\" src=\"http:\/\/neu.ostseegrenzturm.net\/da\/wp-content\/uploads\/sites\/4\/2021\/10\/Exponate.jpg\" alt=\"\" class=\"wp-image-428\" srcset=\"http:\/\/ostsee-grenzturm.com\/da\/wp-content\/uploads\/sites\/4\/2021\/10\/Exponate.jpg 1000w, http:\/\/ostsee-grenzturm.com\/da\/wp-content\/uploads\/sites\/4\/2021\/10\/Exponate-300x225.jpg 300w, http:\/\/ostsee-grenzturm.com\/da\/wp-content\/uploads\/sites\/4\/2021\/10\/Exponate-768x576.jpg 768w\" sizes=\"(max-width: 1000px) 100vw, 1000px\" \/><\/figure>\n<\/div>\n<\/div>\n\n\n\n<div class=\"is-layout-flex wp-container-6 wp-block-columns\">\n<div class=\"is-layout-flow wp-block-column\">\n<figure class=\"wp-block-image size-full\"><img decoding=\"async\" loading=\"lazy\" width=\"1000\" height=\"750\" src=\"http:\/\/neu.ostseegrenzturm.net\/da\/wp-content\/uploads\/sites\/4\/2021\/10\/Rundgang.jpg\" alt=\"\" class=\"wp-image-439\" srcset=\"http:\/\/ostsee-grenzturm.com\/da\/wp-content\/uploads\/sites\/4\/2021\/10\/Rundgang.jpg 1000w, http:\/\/ostsee-grenzturm.com\/da\/wp-content\/uploads\/sites\/4\/2021\/10\/Rundgang-300x225.jpg 300w, http:\/\/ostsee-grenzturm.com\/da\/wp-content\/uploads\/sites\/4\/2021\/10\/Rundgang-768x576.jpg 768w\" sizes=\"(max-width: 1000px) 100vw, 1000px\" \/><\/figure>\n<\/div>\n\n\n\n<div class=\"is-layout-flow wp-block-column\">\n<h2>Indholdsm\u00e6ssig pr\u00e6sentation og rundvisning<\/h2>\n\n\n\n<p>Udstillingen begynder med Anden Verdenskrigs afslutning og den forklarer \u00e5rsagen til gr\u00e6nsedragningen og den kolde krig. Der er sat s\u00e6rlig fokus p\u00e5 gr\u00e6nseoverv\u00e5gning i K\u00fchlungsborn. P\u00e5 den ene side belyses overv\u00e5gningens milit\u00e6re side, men ogs\u00e5 den \u201dusynlige\u201d civile gr\u00e6nseoverv\u00e5gning. Udstillingens st\u00f8rste omfang behandler de flygtende med dokumenter, billeder og PC terminal.<\/p>\n<\/div>\n<\/div>\n\n\n\n<div class=\"is-layout-flex wp-container-9 wp-block-columns\">\n<div class=\"is-layout-flow wp-block-column\">\n<div class=\"wp-block-image\"><figure class=\"alignright size-full is-resized\"><img decoding=\"async\" loading=\"lazy\" src=\"http:\/\/neu.ostseegrenzturm.net\/da\/wp-content\/uploads\/sites\/4\/2021\/10\/kinder-1.jpg\" alt=\"\" class=\"wp-image-429\" width=\"188\" height=\"250\" srcset=\"http:\/\/ostsee-grenzturm.com\/da\/wp-content\/uploads\/sites\/4\/2021\/10\/kinder-1.jpg 750w, http:\/\/ostsee-grenzturm.com\/da\/wp-content\/uploads\/sites\/4\/2021\/10\/kinder-1-225x300.jpg 225w\" sizes=\"(max-width: 188px) 100vw, 188px\" \/><\/figure><\/div>\n<\/div>\n\n\n\n<div class=\"is-layout-flow wp-block-column\">\n<h2>B\u00f8rn og unge<\/h2>\n\n\n\n<p>Udstillingen tilbyder b\u00f8rn og unge mulighed for at afpr\u00f8ve og udforske. Det er ogs\u00e5 tilladt at r\u00f8re ved genstandene.<br>Vi arbejder utr\u00e6tteligt p\u00e5 at f\u00e5 endnu flere interaktive ting for b\u00f8rn.<\/p>\n<\/div>\n<\/div>\n","protected":false},"excerpt":{"rendered":"<p>Museet Gr\u00e6nset\u00e5rn-museet \u00e5bnede sine porte med en ny permanentudstilling i juli 2013. Der vises uds\u00f8gte originalgenstande fra museets arkiv og der gives forklaringer til DDR gr\u00e6nsesystemet. K\u00fchlungsborns dav\u00e6rende situation st\u00e5r i fokus. Der beskrives flugthistorier og tidligere gr\u00e6nsesoldater, som havde lokal tilknytning, ligesom gr\u00e6nsehj\u00e6lpere kommer til orde. Eksponater Familie Kostbades originale flugtb\u00e5d, som benyttedes af&#8230;  <a class=\"excerpt-read-more\" href=\"http:\/\/ostsee-grenzturm.com\/da\/museet\/\" title=\"Read Museet\">L\u00e6s mere &raquo;<\/a><\/p>\n","protected":false},"author":1,"featured_media":0,"parent":0,"menu_order":0,"comment_status":"closed","ping_status":"closed","template":"","meta":[],"_links":{"self":[{"href":"http:\/\/ostsee-grenzturm.com\/da\/wp-json\/wp\/v2\/pages\/590"}],"collection":[{"href":"http:\/\/ostsee-grenzturm.com\/da\/wp-json\/wp\/v2\/pages"}],"about":[{"href":"http:\/\/ostsee-grenzturm.com\/da\/wp-json\/wp\/v2\/types\/page"}],"author":[{"embeddable":true,"href":"http:\/\/ostsee-grenzturm.com\/da\/wp-json\/wp\/v2\/users\/1"}],"replies":[{"embeddable":true,"href":"http:\/\/ostsee-grenzturm.com\/da\/wp-json\/wp\/v2\/comments?post=590"}],"version-history":[{"count":8,"href":"http:\/\/ostsee-grenzturm.com\/da\/wp-json\/wp\/v2\/pages\/590\/revisions"}],"predecessor-version":[{"id":1081,"href":"http:\/\/ostsee-grenzturm.com\/da\/wp-json\/wp\/v2\/pages\/590\/revisions\/1081"}],"wp:attachment":[{"href":"http:\/\/ostsee-grenzturm.com\/da\/wp-json\/wp\/v2\/media?parent=590"}],"curies":[{"name":"wp","href":"https:\/\/api.w.org\/{rel}","templated":true}]}}