{"id":14,"date":"2021-08-14T06:39:26","date_gmt":"2021-08-14T04:39:26","guid":{"rendered":"http:\/\/neu.ostseegrenzturm.net\/da\/?page_id=14"},"modified":"2024-07-15T05:19:00","modified_gmt":"2024-07-15T03:19:00","slug":"home","status":"publish","type":"page","link":"http:\/\/ostsee-grenzturm.com\/da\/","title":{"rendered":"Home"},"content":{"rendered":"<div id=\"metaslider-id-894\" style=\"width: 100%;\" class=\"ml-slider-3-60-1 metaslider metaslider-flex metaslider-894 ml-slider ml-slider-lightbox-1-12-0 lightbox-disabled ms-theme-default\" role=\"region\" aria-roledescription=\"Slideshow\" aria-label=\"Home\">\n    <div id=\"metaslider_container_894\">\n        <div id=\"metaslider_894\">\n            <ul aria-live=\"polite\" class=\"slides\">\n                <li style=\"display: block; width: 100%;\" class=\"slide-895 ms-image\" aria-roledescription=\"slide\" aria-label=\"slide-895\"><img src=\"http:\/\/ostsee-grenzturm.com\/da\/wp-content\/uploads\/sites\/4\/2021\/10\/01_Turm-Museum-983x428.jpg\" height=\"435\" width=\"1000\" alt=\"\" class=\"slider-894 slide-895\" title=\"01_Turm-Museum\" \/><div class=\"caption-wrap\"><div class=\"caption\">Udstillingsomr\u00e5de<\/div><\/div><\/li>\n                <li style=\"display: none; width: 100%;\" class=\"slide-917 ms-image\" aria-roledescription=\"slide\" aria-label=\"slide-917\"><img src=\"http:\/\/ostsee-grenzturm.com\/da\/wp-content\/uploads\/sites\/4\/2021\/10\/02_Turmeingang-983x428.jpg\" height=\"435\" width=\"1000\" alt=\"\" class=\"slider-894 slide-917\" title=\"02_Turmeingang\" \/><div class=\"caption-wrap\"><div class=\"caption\">Indgang til t\u00e5rn<\/div><\/div><\/li>\n                <li style=\"display: none; width: 100%;\" class=\"slide-919 ms-image\" aria-roledescription=\"slide\" aria-label=\"slide-919\"><img src=\"http:\/\/ostsee-grenzturm.com\/da\/wp-content\/uploads\/sites\/4\/2021\/10\/03_Turmkanzel-983x428.jpg\" height=\"435\" width=\"1000\" alt=\"\" class=\"slider-894 slide-919\" title=\"03_Turmkanzel\" \/><div class=\"caption-wrap\"><div class=\"caption\">Udsigt fra t\u00e5rnets platform<\/div><\/div><\/li>\n                <li style=\"display: none; width: 100%;\" class=\"slide-920 ms-image\" aria-roledescription=\"slide\" aria-label=\"slide-920\"><img src=\"http:\/\/ostsee-grenzturm.com\/da\/wp-content\/uploads\/sites\/4\/2021\/10\/04_Turmroehre-983x428.jpg\" height=\"435\" width=\"1000\" alt=\"\" class=\"slider-894 slide-920\" title=\"04_Turmroehre\" \/><div class=\"caption-wrap\"><div class=\"caption\">T\u00e5rnopgang<\/div><\/div><\/li>\n                <li style=\"display: none; width: 100%;\" class=\"slide-921 ms-image\" aria-roledescription=\"slide\" aria-label=\"slide-921\"><img src=\"http:\/\/ostsee-grenzturm.com\/da\/wp-content\/uploads\/sites\/4\/2021\/10\/05_Zaun1-983x428.jpg\" height=\"435\" width=\"1000\" alt=\"\" class=\"slider-894 slide-921\" title=\"05_Zaun1\" \/><div class=\"caption-wrap\"><div class=\"caption\">Original gr\u00e6nsehegn<\/div><\/div><\/li>\n                <li style=\"display: none; width: 100%;\" class=\"slide-923 ms-image\" aria-roledescription=\"slide\" aria-label=\"slide-923\"><img src=\"http:\/\/ostsee-grenzturm.com\/da\/wp-content\/uploads\/sites\/4\/2021\/10\/06_Zaun2-983x428.jpg\" height=\"435\" width=\"1000\" alt=\"\" class=\"slider-894 slide-923\" title=\"06_Zaun2\" \/><\/li>\n                <li style=\"display: none; width: 100%;\" class=\"slide-924 ms-image\" aria-roledescription=\"slide\" aria-label=\"slide-924\"><img src=\"http:\/\/ostsee-grenzturm.com\/da\/wp-content\/uploads\/sites\/4\/2021\/10\/07_Aufsteller-983x428.jpg\" height=\"435\" width=\"1000\" alt=\"\" class=\"slider-894 slide-924\" title=\"07_Aufsteller\" \/><div class=\"caption-wrap\"><div class=\"caption\">Afstand mellem vagtt\u00e5rn og \u00d8sters\u00f8 udg\u00f8r kun 50 m<\/div><\/div><\/li>\n                <li style=\"display: none; width: 100%;\" class=\"slide-925 ms-image\" aria-roledescription=\"slide\" aria-label=\"slide-925\"><img src=\"http:\/\/ostsee-grenzturm.com\/da\/wp-content\/uploads\/sites\/4\/2021\/10\/08_turmundmuseum-983x428.jpg\" height=\"435\" width=\"1000\" alt=\"\" class=\"slider-894 slide-925\" title=\"08_turmundmuseum\" \/><div class=\"caption-wrap\"><div class=\"caption\">Adgang fra Ostseeallee<\/div><\/div><\/li>\n                <li style=\"display: none; width: 100%;\" class=\"slide-927 ms-image\" aria-roledescription=\"slide\" aria-label=\"slide-927\"><img src=\"http:\/\/ostsee-grenzturm.com\/da\/wp-content\/uploads\/sites\/4\/2021\/10\/09_museum2-983x428.jpg\" height=\"435\" width=\"1000\" alt=\"\" class=\"slider-894 slide-927\" title=\"09_museum2\" \/><div class=\"caption-wrap\"><div class=\"caption\">Rundgang i museet<\/div><\/div><\/li>\n                <li style=\"display: none; width: 100%;\" class=\"slide-928 ms-image\" aria-roledescription=\"slide\" aria-label=\"slide-928\"><img src=\"http:\/\/ostsee-grenzturm.com\/da\/wp-content\/uploads\/sites\/4\/2021\/10\/10_museum3-983x428.jpg\" height=\"435\" width=\"1000\" alt=\"\" class=\"slider-894 slide-928\" title=\"10_museum3\" \/><div class=\"caption-wrap\"><div class=\"caption\">Museets h\u00e5nddokumenter<\/div><\/div><\/li>\n                <li style=\"display: none; width: 100%;\" class=\"slide-929 ms-image\" aria-roledescription=\"slide\" aria-label=\"slide-929\"><img src=\"http:\/\/ostsee-grenzturm.com\/da\/wp-content\/uploads\/sites\/4\/2021\/10\/11_doeblerpralines-983x428.jpg\" height=\"435\" width=\"1000\" alt=\"\" class=\"slider-894 slide-929\" title=\"11_doeblerpralines\" \/><div class=\"caption-wrap\"><div class=\"caption\">Flugter: Sv\u00f8mmere<\/div><\/div><\/li>\n                <li style=\"display: none; width: 100%;\" class=\"slide-930 ms-image\" aria-roledescription=\"slide\" aria-label=\"slide-930\"><img src=\"http:\/\/ostsee-grenzturm.com\/da\/wp-content\/uploads\/sites\/4\/2021\/10\/12_kostbade-983x428.jpg\" height=\"435\" width=\"1000\" alt=\"\" class=\"slider-894 slide-930\" title=\"12_kostbade\" \/><div class=\"caption-wrap\"><div class=\"caption\">Flugter: Familie Kostbades gummib\u00e5d<\/div><\/div><\/li>\n                <li style=\"display: none; width: 100%;\" class=\"slide-931 ms-image\" aria-roledescription=\"slide\" aria-label=\"slide-931\"><img src=\"http:\/\/ostsee-grenzturm.com\/da\/wp-content\/uploads\/sites\/4\/2021\/10\/13_boettger-983x428.jpg\" height=\"435\" width=\"1000\" alt=\"\" class=\"slider-894 slide-931\" title=\"13_boettger\" \/><div class=\"caption-wrap\"><div class=\"caption\">AquaScooter<\/div><\/div><\/li>\n                <li style=\"display: none; width: 100%;\" class=\"slide-933 ms-image\" aria-roledescription=\"slide\" aria-label=\"slide-933\"><img src=\"http:\/\/ostsee-grenzturm.com\/da\/wp-content\/uploads\/sites\/4\/2021\/10\/13-1_polysterolfloss-983x428.jpg\" height=\"435\" width=\"1000\" alt=\"\" class=\"slider-894 slide-933\" title=\"13-1_polysterolfloss\" \/><div class=\"caption-wrap\"><div class=\"caption\">Flugter: Polystyronb\u00e5d<\/div><\/div><\/li>\n                <li style=\"display: none; width: 100%;\" class=\"slide-934 ms-image\" aria-roledescription=\"slide\" aria-label=\"slide-934\"><img src=\"http:\/\/ostsee-grenzturm.com\/da\/wp-content\/uploads\/sites\/4\/2021\/10\/13-2_reifen-983x428.jpg\" height=\"435\" width=\"1000\" alt=\"\" class=\"slider-894 slide-934\" title=\"13-2_reifen\" \/><div class=\"caption-wrap\"><div class=\"caption\">Flugter: Selvbyggeri<\/div><\/div><\/li>\n                <li style=\"display: none; width: 100%;\" class=\"slide-935 ms-image\" aria-roledescription=\"slide\" aria-label=\"slide-935\"><img src=\"http:\/\/ostsee-grenzturm.com\/da\/wp-content\/uploads\/sites\/4\/2021\/10\/14_auf-Postenfunk-983x428.jpg\" height=\"435\" width=\"1000\" alt=\"\" class=\"slider-894 slide-935\" title=\"14_auf-Postenfunk\" \/><div class=\"caption-wrap\"><div class=\"caption\">Gr\u00e6nsehistorie: Overv\u00e5gning p\u00e5 land<\/div><\/div><\/li>\n                <li style=\"display: none; width: 100%;\" class=\"slide-936 ms-image\" aria-roledescription=\"slide\" aria-label=\"slide-936\"><img src=\"http:\/\/ostsee-grenzturm.com\/da\/wp-content\/uploads\/sites\/4\/2021\/10\/15_grenzboot-983x428.jpg\" height=\"435\" width=\"1000\" alt=\"\" class=\"slider-894 slide-936\" title=\"15_grenzboot\" \/><div class=\"caption-wrap\"><div class=\"caption\">Gr\u00e6nsehistorie: Overv\u00e5gning p\u00e5 havet<\/div><\/div><\/li>\n                <li style=\"display: none; width: 100%;\" class=\"slide-937 ms-image\" aria-roledescription=\"slide\" aria-label=\"slide-937\"><img src=\"http:\/\/ostsee-grenzturm.com\/da\/wp-content\/uploads\/sites\/4\/2021\/10\/16_Grenzboote-983x428.jpg\" height=\"435\" width=\"1000\" alt=\"\" class=\"slider-894 slide-937\" title=\"16_Grenzboote\" \/><div class=\"caption-wrap\"><div class=\"caption\">Gr\u00e6nsehistorie: Kystsikringsskibe<\/div><\/div><\/li>\n                <li style=\"display: none; width: 100%;\" class=\"slide-938 ms-image\" aria-roledescription=\"slide\" aria-label=\"slide-938\"><img src=\"http:\/\/ostsee-grenzturm.com\/da\/wp-content\/uploads\/sites\/4\/2021\/10\/17_grenzsoldat-983x428.jpg\" height=\"435\" width=\"1000\" alt=\"\" class=\"slider-894 slide-938\" title=\"17_grenzsoldat\" \/><div class=\"caption-wrap\"><div class=\"caption\">Gr\u00e6nsehistorie: Matros<\/div><\/div><\/li>\n                <li style=\"display: none; width: 100%;\" class=\"slide-939 ms-image\" aria-roledescription=\"slide\" aria-label=\"slide-939\"><img src=\"http:\/\/ostsee-grenzturm.com\/da\/wp-content\/uploads\/sites\/4\/2021\/10\/18_Grenzsoldaten-983x428.jpg\" height=\"435\" width=\"1000\" alt=\"\" class=\"slider-894 slide-939\" title=\"18_Grenzsoldaten\" \/><div class=\"caption-wrap\"><div class=\"caption\">Gr\u00e6nsehistorie:  Gr\u00e6nsekontrol fiskeri<\/div><\/div><\/li>\n                <li style=\"display: none; width: 100%;\" class=\"slide-940 ms-image\" aria-roledescription=\"slide\" aria-label=\"slide-940\"><img src=\"http:\/\/ostsee-grenzturm.com\/da\/wp-content\/uploads\/sites\/4\/2021\/10\/19_scheinwerfer-983x428.jpg\" height=\"435\" width=\"1000\" alt=\"\" class=\"slider-894 slide-940\" title=\"19_scheinwerfer\" \/><div class=\"caption-wrap\"><div class=\"caption\">Gr\u00e6nsehistorie: Mobil s\u00f8gelys<\/div><\/div><\/li>\n                <li style=\"display: none; width: 100%;\" class=\"slide-941 ms-image\" aria-roledescription=\"slide\" aria-label=\"slide-941\"><img src=\"http:\/\/ostsee-grenzturm.com\/da\/wp-content\/uploads\/sites\/4\/2021\/10\/20_soldat-fernrohr-983x428.jpg\" height=\"435\" width=\"1000\" alt=\"\" class=\"slider-894 slide-941\" title=\"20_soldat-fernrohr\" \/><div class=\"caption-wrap\"><div class=\"caption\">Gr\u00e6nsehistorie: Uddannelse Gr\u00e6nsesoldater<\/div><\/div><\/li>\n                <li style=\"display: none; width: 100%;\" class=\"slide-942 ms-image\" aria-roledescription=\"slide\" aria-label=\"slide-942\"><img src=\"http:\/\/ostsee-grenzturm.com\/da\/wp-content\/uploads\/sites\/4\/2021\/10\/21_strandpatroullie-983x428.jpg\" height=\"435\" width=\"1000\" alt=\"\" class=\"slider-894 slide-942\" title=\"21_strandpatroullie\" \/><div class=\"caption-wrap\"><div class=\"caption\">Flugtb\u00e5d<\/div><\/div><\/li>\n                <li style=\"display: none; width: 100%;\" class=\"slide-943 ms-image\" aria-roledescription=\"slide\" aria-label=\"slide-943\"><img src=\"http:\/\/ostsee-grenzturm.com\/da\/wp-content\/uploads\/sites\/4\/2021\/10\/22_Grenzverletzer-983x428.jpg\" height=\"435\" width=\"1000\" alt=\"\" class=\"slider-894 slide-943\" title=\"22_Grenzverletzer\" \/><div class=\"caption-wrap\"><div class=\"caption\">Gr\u00e6nsehistorie: Uddannelse Gr\u00e6nsesoldater<\/div><\/div><\/li>\n                <li style=\"display: none; width: 100%;\" class=\"slide-944 ms-image\" aria-roledescription=\"slide\" aria-label=\"slide-944\"><img src=\"http:\/\/ostsee-grenzturm.com\/da\/wp-content\/uploads\/sites\/4\/2021\/10\/23_Hilfsmittel-983x428.jpg\" height=\"435\" width=\"1000\" alt=\"\" class=\"slider-894 slide-944\" title=\"23_Hilfsmittel\" \/><div class=\"caption-wrap\"><div class=\"caption\">Gr\u00e6nsehistorie: Uddannelse Gr\u00e6nsesoldater<\/div><\/div><\/li>\n                <li style=\"display: none; width: 100%;\" class=\"slide-945 ms-image\" aria-roledescription=\"slide\" aria-label=\"slide-945\"><img src=\"http:\/\/ostsee-grenzturm.com\/da\/wp-content\/uploads\/sites\/4\/2021\/10\/24_stempel-983x428.jpg\" height=\"435\" width=\"1000\" alt=\"\" class=\"slider-894 slide-945\" title=\"24_stempel\" \/><\/li>\n                <li style=\"display: none; width: 100%;\" class=\"slide-946 ms-image\" aria-roledescription=\"slide\" aria-label=\"slide-946\"><img src=\"http:\/\/ostsee-grenzturm.com\/da\/wp-content\/uploads\/sites\/4\/2021\/10\/25_zeichnung-983x428.jpg\" height=\"435\" width=\"1000\" alt=\"\" class=\"slider-894 slide-946\" title=\"25_zeichnung\" \/><div class=\"caption-wrap\"><div class=\"caption\">Konstruktionstegning Gr\u00e6nset\u00e5rn<\/div><\/div><\/li>\n                <li style=\"display: none; width: 100%;\" class=\"slide-948 ms-image\" aria-roledescription=\"slide\" aria-label=\"slide-948\"><img src=\"http:\/\/ostsee-grenzturm.com\/da\/wp-content\/uploads\/sites\/4\/2021\/10\/26_faltboot-983x428.jpg\" height=\"435\" width=\"1000\" alt=\"\" class=\"slider-894 slide-948\" title=\"26_faltboot\" \/><div class=\"caption-wrap\"><div class=\"caption\">Flugtb\u00e5d<\/div><\/div><\/li>\n                <li style=\"display: none; width: 100%;\" class=\"slide-949 ms-image\" aria-roledescription=\"slide\" aria-label=\"slide-949\"><img src=\"http:\/\/ostsee-grenzturm.com\/da\/wp-content\/uploads\/sites\/4\/2021\/10\/27_werkstattschulerostock-983x428.jpg\" height=\"435\" width=\"1000\" alt=\"\" class=\"slider-894 slide-949\" title=\"27_werkstattschulerostock\" \/><div class=\"caption-wrap\"><div class=\"caption\">B\u00f8rn: Undervisningsprojekter<\/div><\/div><\/li>\n                <li style=\"display: none; width: 100%;\" class=\"slide-950 ms-image\" aria-roledescription=\"slide\" aria-label=\"slide-950\"><img src=\"http:\/\/ostsee-grenzturm.com\/da\/wp-content\/uploads\/sites\/4\/2021\/10\/28_fluechtlingklausschuelerinnerstaedtgymnasium-983x428.jpg\" height=\"435\" width=\"1000\" alt=\"\" class=\"slider-894 slide-950\" title=\"28_fluechtlingklausschuelerinnerstaedtgymnasium\" \/><div class=\"caption-wrap\"><div class=\"caption\">B\u00f8rn: Samtaler med tidsvidner<\/div><\/div><\/li>\n                <li style=\"display: none; width: 100%;\" class=\"slide-951 ms-image\" aria-roledescription=\"slide\" aria-label=\"slide-951\"><img src=\"http:\/\/ostsee-grenzturm.com\/da\/wp-content\/uploads\/sites\/4\/2021\/10\/29_Quizzchart-983x428.jpg\" height=\"435\" width=\"1000\" alt=\"\" class=\"slider-894 slide-951\" title=\"29_Quizzchart\" \/><div class=\"caption-wrap\"><div class=\"caption\">B\u00f8rn: Qizz<\/div><\/div><\/li>\n            <\/ul>\n        <\/div>\n        \n    <\/div>\n<\/div>\n\n\n\n<p>Gr\u00e6nset\u00e5rnet ved \u00d6sters\u00f8en er et enest\u00e5ende sted hvor man autentisk kan opleve historien af Tysklands deling. Beslut dig til at stige op i t\u00e5rnet og oplev udsigten som de tidligere gr\u00e6nsevogtere havde dagligt. Oplev gr\u00e6nseoverv\u00e5gningens historiske teknik med en guided rundvisning eller et bes\u00f8g i vores museum.<\/p>\n\n\n\n<div class=\"is-layout-flex wp-container-4 wp-block-columns\">\n<div class=\"is-layout-flow wp-block-column\" style=\"flex-basis:33%\">\n<h2><strong><a href=\"http:\/\/ostsee-grenzturm.com\/da\/graensetaarn\/\">Gr\u00e6nset\u00e5rn<\/a><\/strong><\/h2>\n\n\n\n<figure class=\"wp-block-image size-full\"><a href=\"http:\/\/ostsee-grenzturm.com\/da\/graensetaarn\/\"><img decoding=\"async\" loading=\"lazy\" width=\"1000\" height=\"750\" src=\"http:\/\/ostsee-grenzturm.com\/wp-content\/uploads\/2021\/08\/teaser_grenzturm.jpg\" alt=\"\" class=\"wp-image-15\" srcset=\"http:\/\/ostsee-grenzturm.com\/da\/wp-content\/uploads\/sites\/4\/2021\/08\/teaser_grenzturm.jpg 1000w, http:\/\/ostsee-grenzturm.com\/da\/wp-content\/uploads\/sites\/4\/2021\/08\/teaser_grenzturm-300x225.jpg 300w, http:\/\/ostsee-grenzturm.com\/da\/wp-content\/uploads\/sites\/4\/2021\/08\/teaser_grenzturm-768x576.jpg 768w\" sizes=\"(max-width: 1000px) 100vw, 1000px\" \/><\/a><\/figure>\n\n\n\n<p><a href=\"http:\/\/ostsee-grenzturm.com\/da\/graensetaarn\/\" data-type=\"page\" data-id=\"515\">T\u00e5rnet er det eneste tilg\u00e6ngelige tidsvidne fra sin tid ved \u00d8sters\u00f8en. Oplysninger om dens historie og teknologi.<\/a><\/p>\n\n\n\n<p><\/p>\n<\/div>\n\n\n\n<div class=\"is-layout-flow wp-block-column\" style=\"flex-basis:33%\">\n<h2><a href=\"http:\/\/ostsee-grenzturm.com\/da\/kontakt\/\" data-type=\"page\" data-id=\"623\">Bes\u00f8g\/ Kontakt<\/a><\/h2>\n\n\n\n<div class=\"greybg\"><p>\u00c5bningstider:<br>Juni -september<br>Tirsdag, Onsdag og Fredag kl. 14\u00b0\u00b0 &#8211; 17\u00b0\u00b0<br><br> Oktober \u2013 mai<br>Tirsdag og Fredag 14\u00b0\u00b0 &#8211; 17\u00b0\u00b0 <br><br> Bes\u00f8g med guided rundvisning efter aftale er mulig. Mobil<br> +49 1738732778<br>+49 15207482939\n eller<br>email: <a href=\"mailto:bt11@ostsee-grenzturm.com\">bt11@ostsee-grenzturm.com<\/a><\/p><\/div>\n<\/div>\n\n\n\n<div class=\"is-layout-flow wp-block-column\" style=\"flex-basis:33%\">\n<h2><a href=\"http:\/\/ostsee-grenzturm.com\/da\/museet\/\" data-type=\"page\" data-id=\"590\">Museet<\/a><\/h2>\n\n\n\n<figure class=\"wp-block-image size-full\"><a href=\"http:\/\/ostseegrenzturm.net\/museum\/\"><img decoding=\"async\" loading=\"lazy\" width=\"1000\" height=\"750\" src=\"http:\/\/ostsee-grenzturm.com\/wp-content\/uploads\/2021\/10\/teaser_museum.jpg\" alt=\"\" class=\"wp-image-465\" srcset=\"http:\/\/ostsee-grenzturm.com\/da\/wp-content\/uploads\/sites\/4\/2021\/10\/teaser_museum.jpg 1000w, http:\/\/ostsee-grenzturm.com\/da\/wp-content\/uploads\/sites\/4\/2021\/10\/teaser_museum-300x225.jpg 300w, http:\/\/ostsee-grenzturm.com\/da\/wp-content\/uploads\/sites\/4\/2021\/10\/teaser_museum-768x576.jpg 768w\" sizes=\"(max-width: 1000px) 100vw, 1000px\" \/><\/a><\/figure>\n\n\n\n<p><a href=\"http:\/\/ostsee-grenzturm.com\/museum\/\" data-type=\"page\" data-id=\"590\">Musee<\/a><a href=\"http:\/\/ostsee-grenzturm.com\/da\/museet\/\" data-type=\"page\" data-id=\"590\">t viser eksponater og formidler basisviden om K\u00fchlungsborns gr\u00e6nsehistorie.<\/a><\/p>\n\n\n\n<p><\/p>\n<\/div>\n<\/div>\n\n\n\n<div class=\"is-layout-flex wp-container-9 wp-block-columns\">\n<div class=\"is-layout-flow wp-block-column\">\n<h2><a href=\"http:\/\/ostsee-grenzturm.com\/da\/flugter\/\">Flugter<\/a><\/h2>\n\n\n\n<figure class=\"wp-block-image size-full\"><img decoding=\"async\" loading=\"lazy\" width=\"1000\" height=\"750\" src=\"http:\/\/ostsee-grenzturm.com\/wp-content\/uploads\/2021\/10\/teaser_fluchten.jpg\" alt=\"\" class=\"wp-image-461\" srcset=\"http:\/\/ostsee-grenzturm.com\/da\/wp-content\/uploads\/sites\/4\/2021\/10\/teaser_fluchten.jpg 1000w, http:\/\/ostsee-grenzturm.com\/da\/wp-content\/uploads\/sites\/4\/2021\/10\/teaser_fluchten-300x225.jpg 300w, http:\/\/ostsee-grenzturm.com\/da\/wp-content\/uploads\/sites\/4\/2021\/10\/teaser_fluchten-768x576.jpg 768w\" sizes=\"(max-width: 1000px) 100vw, 1000px\" \/><\/figure>\n\n\n\n<p><a href=\"http:\/\/ostsee-grenzturm.com\/da\/flugter\/\" data-type=\"page\" data-id=\"593\">Hvem var de politiske <\/a><a href=\"http:\/\/ostsee-grenzturm.com\/da\/flugter\/\">flygtninge og hvordan planlagde de deres flugt?<\/a><\/p>\n<\/div>\n\n\n\n<div class=\"is-layout-flow wp-block-column\">\n<h2><a href=\"http:\/\/ostsee-grenzturm.com\/da\/grenzhistorie\/\">Historie<\/a><\/h2>\n\n\n\n<figure class=\"wp-block-image size-full\"><img decoding=\"async\" loading=\"lazy\" width=\"1000\" height=\"750\" src=\"http:\/\/ostsee-grenzturm.com\/wp-content\/uploads\/2021\/10\/teaser_historie.jpg\" alt=\"\" class=\"wp-image-463\" srcset=\"http:\/\/ostsee-grenzturm.com\/da\/wp-content\/uploads\/sites\/4\/2021\/10\/teaser_historie.jpg 1000w, http:\/\/ostsee-grenzturm.com\/da\/wp-content\/uploads\/sites\/4\/2021\/10\/teaser_historie-300x225.jpg 300w, http:\/\/ostsee-grenzturm.com\/da\/wp-content\/uploads\/sites\/4\/2021\/10\/teaser_historie-768x576.jpg 768w\" sizes=\"(max-width: 1000px) 100vw, 1000px\" \/><\/figure>\n\n\n\n<p><a href=\"http:\/\/ostsee-grenzturm.com\/da\/grenzhistorie\/\" data-type=\"page\" data-id=\"596\">40 \u00e5<\/a><a href=\"http:\/\/ostsee-grenzturm.com\/da\/grenzhistorie\/\">r gr\u00e6nsehistorie i K\u00fchlungsborn : Baggrundsinformationer og hemmelig viden<\/a><\/p>\n<\/div>\n\n\n\n<div class=\"is-layout-flow wp-block-column\">\n<h2><a href=\"http:\/\/ostsee-grenzturm.com\/da\/arkivet\/\">Arkiv<\/a><\/h2>\n\n\n\n<figure class=\"wp-block-image size-full\"><img decoding=\"async\" loading=\"lazy\" width=\"1000\" height=\"750\" src=\"http:\/\/ostsee-grenzturm.com\/wp-content\/uploads\/2021\/10\/teaser_archiv.jpg\" alt=\"\" class=\"wp-image-460\" srcset=\"http:\/\/ostsee-grenzturm.com\/da\/wp-content\/uploads\/sites\/4\/2021\/10\/teaser_archiv.jpg 1000w, http:\/\/ostsee-grenzturm.com\/da\/wp-content\/uploads\/sites\/4\/2021\/10\/teaser_archiv-300x225.jpg 300w, http:\/\/ostsee-grenzturm.com\/da\/wp-content\/uploads\/sites\/4\/2021\/10\/teaser_archiv-768x576.jpg 768w\" sizes=\"(max-width: 1000px) 100vw, 1000px\" \/><\/figure>\n\n\n\n<p><a href=\"http:\/\/ostsee-grenzturm.com\/da\/arkivet\/\" data-type=\"page\" data-id=\"605\">I<\/a><a href=\"http:\/\/ostsee-grenzturm.com\/da\/arkivet\/\">nterviews, Interviews, tidsvidner og pressemeddelelser vedr. flugter og dArkiveteres historie.<\/a><\/p>\n<\/div>\n\n\n\n<div class=\"is-layout-flow wp-block-column\">\n<h2><a href=\"http:\/\/ostsee-grenzturm.com\/da\/boern\/\">B\u00f8rn<\/a><\/h2>\n\n\n\n<figure class=\"wp-block-image size-full\"><img decoding=\"async\" loading=\"lazy\" width=\"1000\" height=\"750\" src=\"http:\/\/neu.ostsee-grenzturm.com\/wp-content\/uploads\/2021\/10\/teaser_kinder.jpg\" alt=\"\" class=\"wp-image-464\" srcset=\"http:\/\/ostsee-grenzturm.com\/da\/wp-content\/uploads\/sites\/4\/2021\/10\/teaser_kinder.jpg 1000w, http:\/\/ostsee-grenzturm.com\/da\/wp-content\/uploads\/sites\/4\/2021\/10\/teaser_kinder-300x225.jpg 300w, http:\/\/ostsee-grenzturm.com\/da\/wp-content\/uploads\/sites\/4\/2021\/10\/teaser_kinder-768x576.jpg 768w\" sizes=\"(max-width: 1000px) 100vw, 1000px\" \/><\/figure>\n\n\n\n<p><a href=\"http:\/\/ostsee-grenzturm.com\/da\/boern\/\" data-type=\"page\" data-id=\"608\">B\u00f8<\/a><a href=\"http:\/\/ostsee-grenzturm.com\/da\/boern\/\">rn bes\u00f8ger t\u00e5rnet. Forberedelse, opdagelse og deltagelse<\/a><\/p>\n<\/div>\n<\/div>\n\n\n\n<div class=\"is-layout-flex wp-container-13 wp-block-columns\">\n<div class=\"is-layout-flow wp-block-column\">\n<h2><a href=\"http:\/\/ostsee-grenzturm.com\/da\/sponsorer\/\">Venner<\/a><\/h2>\n<\/div>\n\n\n\n<div class=\"is-layout-flow wp-block-column\">\n<h2><a href=\"https:\/\/www.facebook.com\/pages\/Ostsee-Grenzturm-K\u00fchlungsborn\/239397699466558?fref=ts\">Facebook<\/a><\/h2>\n\n\n\n<p><a rel=\"noreferrer noopener\" href=\"https:\/\/www.facebook.com\/pages\/Ostsee-Grenzturm-K%C3%BChlungsborn\/239397699466558?fref=ts\" target=\"_blank\">Nyheder og informationsudveksling rundt omkring t\u00e5rnet<\/a><\/p>\n<\/div>\n\n\n\n<div class=\"is-layout-flow wp-block-column\">\n<h2><\/h2>\n<\/div>\n<\/div>\n","protected":false},"excerpt":{"rendered":"<p>Gr\u00e6nset\u00e5rnet ved \u00d6sters\u00f8en er et enest\u00e5ende sted hvor man autentisk kan opleve historien af Tysklands deling. Beslut dig til at stige op i t\u00e5rnet og oplev udsigten som de tidligere gr\u00e6nsevogtere havde dagligt. Oplev gr\u00e6nseoverv\u00e5gningens historiske teknik med en guided rundvisning eller et bes\u00f8g i vores museum. Gr\u00e6nset\u00e5rn T\u00e5rnet er det eneste tilg\u00e6ngelige tidsvidne fra&#8230;  <a class=\"excerpt-read-more\" href=\"http:\/\/ostsee-grenzturm.com\/da\/\" title=\"Read Home\">L\u00e6s mere &raquo;<\/a><\/p>\n","protected":false},"author":1,"featured_media":0,"parent":0,"menu_order":0,"comment_status":"closed","ping_status":"closed","template":"","meta":[],"_links":{"self":[{"href":"http:\/\/ostsee-grenzturm.com\/da\/wp-json\/wp\/v2\/pages\/14"}],"collection":[{"href":"http:\/\/ostsee-grenzturm.com\/da\/wp-json\/wp\/v2\/pages"}],"about":[{"href":"http:\/\/ostsee-grenzturm.com\/da\/wp-json\/wp\/v2\/types\/page"}],"author":[{"embeddable":true,"href":"http:\/\/ostsee-grenzturm.com\/da\/wp-json\/wp\/v2\/users\/1"}],"replies":[{"embeddable":true,"href":"http:\/\/ostsee-grenzturm.com\/da\/wp-json\/wp\/v2\/comments?post=14"}],"version-history":[{"count":9,"href":"http:\/\/ostsee-grenzturm.com\/da\/wp-json\/wp\/v2\/pages\/14\/revisions"}],"predecessor-version":[{"id":1165,"href":"http:\/\/ostsee-grenzturm.com\/da\/wp-json\/wp\/v2\/pages\/14\/revisions\/1165"}],"wp:attachment":[{"href":"http:\/\/ostsee-grenzturm.com\/da\/wp-json\/wp\/v2\/media?parent=14"}],"curies":[{"name":"wp","href":"https:\/\/api.w.org\/{rel}","templated":true}]}}