{"id":1013,"date":"2021-12-04T08:50:40","date_gmt":"2021-12-04T07:50:40","guid":{"rendered":"http:\/\/neu.ostseegrenzturm.net\/da\/?page_id=1013"},"modified":"2024-07-10T21:33:01","modified_gmt":"2024-07-10T19:33:01","slug":"impressum","status":"publish","type":"page","link":"http:\/\/ostsee-grenzturm.com\/da\/impressum\/","title":{"rendered":"Impressum"},"content":{"rendered":"\n<div class=\"margintop100\"><\/div>\n\n\n\n<h3>Impressum<\/h3>\n\n\n\n<p>Grenzturm e.V.<br>Foreningen til bevarelse af historiske monumenter<br>An der Strandpromenade 1a<br>18225 K\u00fchlungsborn<br>Tel: 0162 8209664<br>bt11@ostsee-grenzturm.com<\/p>\n\n\n\n<p>Register over foreninger ved byretten i RostockVR 433<\/p>\n\n\n\n<p>Telefon: +49 173 8732778<br>E-mail: bt11@ostsee-grenzturm.com<\/p>\n\n\n\n<p>Formand for foreningen: Lutz Tamm &#8211; i henhold til \u00a726 BGB Stedfortr\u00e6der Daniela Grand, Harry Balbach<\/p>\n\n\n\n<p>Alle tekster, billeder og grafik er underlagt ophavsret og love om beskyttelse af intellektuel ejendomsret. Alt indhold er kun beregnet til personlig information. Kommerciel brug uden tilladelse fra indehaveren af ophavsretten er forbudt. Vi p\u00e5tager os ikke noget ansvar for indholdet af eksterne links p\u00e5 trods af omhyggelig kontrol af indholdet. Ansvaret for indholdet af de linkede sider ligger udelukkende hos operat\u00f8rerne af disse sider. Alle oplysninger er omhyggeligt unders\u00f8gt. Vi kan dog ikke give nogen juridisk garanti for, at den er korrekt. Vi p\u00e5tager os intet ansvar for aktualitet, korrekthed, fuldst\u00e6ndighed eller kvalitet af de leverede oplysninger.<\/p>\n","protected":false},"excerpt":{"rendered":"<p>Impressum Grenzturm e.V.Foreningen til bevarelse af historiske monumenterAn der Strandpromenade 1a18225 K\u00fchlungsbornTel: 0162 8209664bt11@ostsee-grenzturm.com Register over foreninger ved byretten i RostockVR 433 Telefon: +49 173 8732778E-mail: bt11@ostsee-grenzturm.com Formand for foreningen: Lutz Tamm &#8211; i henhold til \u00a726 BGB Stedfortr\u00e6der Daniela Grand, Harry Balbach Alle tekster, billeder og grafik er underlagt ophavsret og love om beskyttelse&#8230;  <a class=\"excerpt-read-more\" href=\"http:\/\/ostsee-grenzturm.com\/da\/impressum\/\" title=\"Read Impressum\">L\u00e6s mere &raquo;<\/a><\/p>\n","protected":false},"author":1,"featured_media":0,"parent":0,"menu_order":0,"comment_status":"closed","ping_status":"closed","template":"","meta":[],"_links":{"self":[{"href":"http:\/\/ostsee-grenzturm.com\/da\/wp-json\/wp\/v2\/pages\/1013"}],"collection":[{"href":"http:\/\/ostsee-grenzturm.com\/da\/wp-json\/wp\/v2\/pages"}],"about":[{"href":"http:\/\/ostsee-grenzturm.com\/da\/wp-json\/wp\/v2\/types\/page"}],"author":[{"embeddable":true,"href":"http:\/\/ostsee-grenzturm.com\/da\/wp-json\/wp\/v2\/users\/1"}],"replies":[{"embeddable":true,"href":"http:\/\/ostsee-grenzturm.com\/da\/wp-json\/wp\/v2\/comments?post=1013"}],"version-history":[{"count":9,"href":"http:\/\/ostsee-grenzturm.com\/da\/wp-json\/wp\/v2\/pages\/1013\/revisions"}],"predecessor-version":[{"id":1161,"href":"http:\/\/ostsee-grenzturm.com\/da\/wp-json\/wp\/v2\/pages\/1013\/revisions\/1161"}],"wp:attachment":[{"href":"http:\/\/ostsee-grenzturm.com\/da\/wp-json\/wp\/v2\/media?parent=1013"}],"curies":[{"name":"wp","href":"https:\/\/api.w.org\/{rel}","templated":true}]}}